{"id":25,"date":"2023-06-14T07:12:47","date_gmt":"2023-06-14T07:12:47","guid":{"rendered":"https:\/\/clients.evostudio.ro\/encorsa\/?page_id=25"},"modified":"2024-10-30T15:34:50","modified_gmt":"2024-10-30T15:34:50","slug":"cookies","status":"publish","type":"page","link":"https:\/\/encorsa.ro\/?page_id=25","title":{"rendered":"COOKIES"},"content":{"rendered":"<p>Aceast\u0103 politic\u0103 privind cookie-urile (&#8222;Politica&#8221;) descrie ce sunt cookie-urile \u0219i cum sunt utilizate pe site-ul encorsa.ro (&#8222;Website&#8221; sau &#8222;Serviciu&#8221;) \u0219i oricare dintre produsele \u0219i serviciile sale conexe (colectiv, &#8222;Servicii&#8221;). Aceast\u0103 Politic\u0103 este un acord legal obligatoriu \u00eentre dvs. (\u201eUtilizatorul\u201d, \u201edumneavoastr\u0103\u201d sau \u201eal dumneavoastr\u0103\u201d) \u0219i Encorsa HQ (&#8222;Encorsa HQ&#8221;, &#8222;noi&#8221;, &#8222;ne&#8221; sau &#8222;al nostru&#8221;). Dac\u0103 \u00eencheia\u021bi acest acord \u00een numele unei afaceri sau a unei alte entit\u0103\u021bi juridice, declara\u021bi c\u0103 ave\u021bi autoritatea de a obliga o astfel de entitate la aceast\u0103 Politic\u0103, \u00een cazul \u00een care termenii \u201eUtilizatorul\u201d, \u201edumneavoastr\u0103\u201d sau \u201eal dumneavoastr\u0103\u201d se refer\u0103 la acea entitate. Dac\u0103 nu ave\u021bi o astfel de autoritate sau dac\u0103 nu sunte\u021bi de acord cu termenii acestei Politici, nu trebuie s\u0103 accepta\u021bi aceast\u0103 Politic\u0103 \u0219i nu pute\u021bi accesa \u0219i utiliza Website-ul \u0219i Serviciile. Ar trebui s\u0103 citi\u021bi aceast\u0103 Politic\u0103 pentru a \u00een\u021belege tipurile de cookie-uri pe care le utiliz\u0103m, informa\u021biile pe care le colect\u0103m folosind cookie-urile \u0219i modul \u00een care acele informa\u021bii sunt utilizate. De asemenea, descrie op\u021biunile disponibile pentru dvs. \u00een ceea ce prive\u0219te acceptarea sau refuzul utiliz\u0103rii cookie-urilor. Pentru mai multe informa\u021bii despre modul \u00een care utiliz\u0103m, stoc\u0103m \u0219i p\u0103str\u0103m datele dvs. personale \u00een siguran\u021b\u0103, consulta\u021bi politica noastr\u0103 de confiden\u021bialitate.<\/p>\n<p>&nbsp;<\/p>\n<p>&nbsp;<\/p>\n<p>&nbsp;<\/p>\n<p>CE SUNT COOKIE-URILE?<\/p>\n<p>&nbsp;<\/p>\n<p>Cookie-urile sunt fragmente de date stocate \u00een fi\u0219iere text care sunt salvate pe computer sau pe alte dispozitive atunci c\u00e2nd site-urile web sunt \u00eenc\u0103rcate \u00eentr-un browser. Ele sunt folosite pe scar\u0103 larg\u0103 pentru a v\u0103 re\u021bine pe dvs. \u0219i preferin\u021bele dvs., fie pentru o singur\u0103 vizit\u0103 (prin intermediul unui &#8222;cookie de sesiune&#8221;) sau pentru mai multe vizite repetate (folosind un &#8222;cookie persistent&#8221;).<\/p>\n<p>&nbsp;<\/p>\n<p>Cookie-urile de sesiune sunt cookie-uri temporare utilizate pe parcursul vizitei dvs. pe Website \u0219i expir\u0103 atunci c\u00e2nd \u00eenchide\u021bi browser-ul web.<\/p>\n<p>&nbsp;<\/p>\n<p>Cookie-urile persistente sunt utilizate pentru a v\u0103 re\u021bine preferin\u021bele \u00een cadrul Website-ului nostru \u0219i r\u0103m\u00e2n pe desktopul sau pe dispozitivul mobil chiar \u0219i dup\u0103 ce \u00eenchide\u021bi browser-ul sau reporni\u021bi computerul. Ele asigur\u0103 o experien\u021b\u0103 constant\u0103 \u0219i eficient\u0103 pentru dvs. \u00een timpul vizitei pe Website \u0219i Servicii.<\/p>\n<p>&nbsp;<\/p>\n<p>Cookie-urile pot fi setate de Website (&#8222;cookie-uri first-party&#8221;), sau de ter\u021bi, cum ar fi cei care servesc con\u021binut sau furnizeaz\u0103 servicii de publicitate sau analiz\u0103 pe Website (&#8222;cookie-uri third party&#8221;). Ace\u0219ti ter\u021bi v\u0103 pot recunoa\u0219te atunci c\u00e2nd vizita\u021bi Website-ul nostru \u0219i de asemenea c\u00e2nd vizita\u021bi anumite alte site-uri web.<\/p>\n<p>&nbsp;<\/p>\n<p>&nbsp;<\/p>\n<p>&nbsp;<\/p>\n<p>CE TIPURI DE COOKIE-URI FOLOSIM?<\/p>\n<p>&nbsp;<\/p>\n<p>Utiliz\u0103m cookie-uri pentru a te ajuta s\u0103 navighezi eficient \u0219i s\u0103 efectuezi anumite func\u021bii. Vei g\u0103si informa\u021bii detaliate despre toate cookie-urile sub fiecare categorie de consim\u021b\u0103m\u00e2nt mai jos.<\/p>\n<p>&nbsp;<\/p>\n<p>Cookie-uri necesare<\/p>\n<p>Cookie-urile care sunt categorisite ca &#8222;Necesare&#8221; sunt stocate \u00een browserul t\u0103u deoarece sunt esen\u021biale pentru activarea func\u021bionalit\u0103\u021bilor de baz\u0103 ale site-ului. Cookie-urile necesare sunt esen\u021biale pentru a activa func\u021biile de baz\u0103 ale acestui site, cum ar fi furnizarea unui log-in securizat sau ajustarea preferin\u021belor tale de consim\u021b\u0103m\u00e2nt. Aceste cookie-uri nu stocheaz\u0103 niciun fel de date personale identificabile.<\/p>\n<p>&nbsp;<\/p>\n<p>Cookie-uri de func\u021bionalitate<\/p>\n<p>Cookie-urile de func\u021bionalitate ne permit s\u0103 oper\u0103m Website-ul \u0219i Serviciile \u00een conformitate cu alegerile pe care le face\u021bi. Aceste cookie-uri ne ajut\u0103 la efectuarea anumitor func\u021bionalit\u0103\u021bi, cum ar fi partajarea con\u021binutului site-ului pe platformele de socializare, colectarea feedback-ului \u0219i alte caracteristici ale ter\u021bilor.<\/p>\n<p>&nbsp;<\/p>\n<p>Cookie-uri analitice<\/p>\n<p>Cookie-urile analitice sunt folosite pentru a \u00een\u021belege cum interac\u021bioneaz\u0103 vizitatorii cu site-ul web. Aceste cookie-uri ajut\u0103 la furnizarea de informa\u021bii despre metrici, cum ar fi num\u0103rul de vizitatori, rata de respingere, sursa traficului etc.<\/p>\n<p>&nbsp;<\/p>\n<p>&nbsp;<\/p>\n<p>&nbsp;<\/p>\n<p>LIST\u0102 DE COOKIE-URI FOLOSITE PE SITE-UL ENCORSA<\/p>\n<p>&nbsp;<\/p>\n<ul>\n<li>Google: _gat, _ga, _gid, 1P_JAR, ACCOUNT_CHOOSER, AID, APISID, CGIC, CGIC, CONSENT, GAPS, GOOGLE_ABUSE_EXEMPTION, HSID, LSID, NID, OGP, SAPISID, SIDCC, SID, SNID, SSID, TAID. Domeniu:https:\/\/google.com. Detalii <a href=\"https:\/\/policies.google.com\/privacy?hl=ro\">politic\u0103 de confidentialitate.<\/a><\/li>\n<\/ul>\n<p>&nbsp;<\/p>\n<ul>\n<li>Facebook: act, c_user, datr, fr, pnl_data2, presence, sb, spin, wd, x-src, xs. Domeniu https:\/\/facebook.com.\u00a0Detalii <a href=\"https:\/\/www.facebook.com\/privacy\/policy\/?entry_point=data_policy_redirect&amp;entry=0\">politic\u0103 de confidentialitate.<\/a><\/li>\n<\/ul>\n<p>&nbsp;<\/p>\n<p>&nbsp;<\/p>\n<p>&nbsp;<\/p>\n<p>CARE SUNT OP\u021aIUNILE DVS. REFERITOARE LA COOKIE-URI?<\/p>\n<p>&nbsp;<\/p>\n<p>Dac\u0103 nu v\u0103 place ideea de cookie-uri sau anumite tipuri de cookie-uri, pute\u021bi schimba set\u0103rile browserului dvs. pentru a \u0219terge cookie-urile care au fost deja setate \u0219i pentru a nu accepta cookie-uri noi. Vizita\u021bi internetcookies.com pentru a afla mai multe despre cum s\u0103 face\u021bi acest lucru.<\/p>\n<p>&nbsp;<\/p>\n<p>&nbsp;<\/p>\n<p>&nbsp;<\/p>\n<p>MODIFIC\u0102RI \u0218I AMENDAMENTE<\/p>\n<p>&nbsp;<\/p>\n<p>Ne rezerv\u0103m dreptul de a modifica aceast\u0103 Politic\u0103 sau termenii s\u0103i referitori la Website \u0219i Servicii \u00een orice moment, la discre\u021bia noastr\u0103. Atunci c\u00e2nd facem acest lucru, vom posta o notificare pe pagina principal\u0103 a Website-ului. De asemenea, putem furniza notificare \u00een alte moduri la discre\u021bia noastr\u0103, cum ar fi prin informa\u021biile de contact pe care le-a\u021bi furnizat.<\/p>\n<p>&nbsp;<\/p>\n<p>O versiune actualizat\u0103 a acestei Politici va fi eficient\u0103 imediat dup\u0103 postarea Politicii revizuite, cu excep\u021bia cazului \u00een care este specificat altfel. Utilizarea continu\u0103 a Website-ului \u0219i Serviciilor dup\u0103 data de eficacitate a Politicii revizuite (sau alt act specificat la acea dat\u0103) va constitui consim\u021b\u0103m\u00e2ntul dvs. la acele modific\u0103ri.<\/p>\n<p>&nbsp;<\/p>\n<p>&nbsp;<\/p>\n<p>&nbsp;<\/p>\n<p>ACCEPTAREA ACESTEI POLITICI<\/p>\n<p>&nbsp;<\/p>\n<p>Recunoa\u0219te\u021bi c\u0103 a\u021bi citit aceast\u0103 Politic\u0103 \u0219i c\u0103 sunte\u021bi de acord cu to\u021bi termenii \u0219i condi\u021biile sale. Acces\u00e2nd \u0219i utiliz\u00e2nd Website-ul \u0219i Serviciile, sunte\u021bi de acord s\u0103 fi\u021bi obligat de aceast\u0103 Politic\u0103. Dac\u0103 nu sunte\u021bi de acord s\u0103 respecta\u021bi termenii acestei Politici, nu sunte\u021bi autorizat s\u0103 accesa\u021bi sau s\u0103 utiliza\u021bi Website-ul \u0219i Serviciile.<\/p>\n<p>&nbsp;<\/p>\n<p>&nbsp;<\/p>\n<p>&nbsp;<\/p>\n<p>CONTACT<\/p>\n<p>&nbsp;<\/p>\n<p>Dac\u0103 ave\u021bi \u00eentreb\u0103ri, nel\u0103muriri sau pl\u00e2ngeri referitoare la aceast\u0103 Politic\u0103 sau utilizarea cookie-urilor, v\u0103 \u00eencuraj\u0103m s\u0103 ne contacta\u021bi folosind detaliile de mai jos:<\/p>\n<p>&nbsp;<\/p>\n<p>office@encorsa.com<\/p>\n<p>&nbsp;<\/p>\n<p>Acest document a fost actualizat ultima oar\u0103 la data de 13 martie 2024.<\/p>\n","protected":false},"excerpt":{"rendered":"<p>Aceast\u0103 politic\u0103 privind cookie-urile (&#8222;Politica&#8221;) descrie ce sunt cookie-urile \u0219i cum sunt utilizate pe site-ul encorsa.ro (&#8222;Website&#8221; sau &#8222;Serviciu&#8221;) \u0219i oricare dintre produsele \u0219i serviciile sale conexe (colectiv, &#8222;Servicii&#8221;). Aceast\u0103 Politic\u0103 este un acord legal obligatoriu \u00eentre dvs. (\u201eUtilizatorul\u201d, \u201edumneavoastr\u0103\u201d sau \u201eal dumneavoastr\u0103\u201d) \u0219i Encorsa HQ (&#8222;Encorsa HQ&#8221;, &#8222;noi&#8221;, &#8222;ne&#8221; sau &#8222;al nostru&#8221;). Dac\u0103 \u00eencheia\u021bi [&hellip;]<\/p>\n","protected":false},"author":12,"featured_media":0,"parent":0,"menu_order":0,"comment_status":"closed","ping_status":"closed","template":"","meta":{"footnotes":""},"class_list":["post-25","page","type-page","status-publish","hentry"],"yoast_head":"<!-- This site is optimized with the Yoast SEO plugin v21.5 - https:\/\/yoast.com\/wordpress\/plugins\/seo\/ -->\n<title>COOKIES - Encorsa<\/title>\n<meta name=\"robots\" content=\"index, follow, max-snippet:-1, max-image-preview:large, max-video-preview:-1\" \/>\n<link rel=\"canonical\" href=\"https:\/\/encorsa.ro\/?page_id=25\" \/>\n<meta property=\"og:locale\" content=\"ro_RO\" \/>\n<meta property=\"og:type\" content=\"article\" \/>\n<meta property=\"og:title\" content=\"COOKIES - Encorsa\" \/>\n<meta property=\"og:description\" content=\"Aceast\u0103 politic\u0103 privind cookie-urile (&#8222;Politica&#8221;) descrie ce sunt cookie-urile \u0219i cum sunt utilizate pe site-ul encorsa.ro (&#8222;Website&#8221; sau &#8222;Serviciu&#8221;) \u0219i oricare dintre produsele \u0219i serviciile sale conexe (colectiv, &#8222;Servicii&#8221;). Aceast\u0103 Politic\u0103 este un acord legal obligatoriu \u00eentre dvs. (\u201eUtilizatorul\u201d, \u201edumneavoastr\u0103\u201d sau \u201eal dumneavoastr\u0103\u201d) \u0219i Encorsa HQ (&#8222;Encorsa HQ&#8221;, &#8222;noi&#8221;, &#8222;ne&#8221; sau &#8222;al nostru&#8221;). Dac\u0103 \u00eencheia\u021bi [&hellip;]\" \/>\n<meta property=\"og:url\" content=\"https:\/\/encorsa.ro\/?page_id=25\" \/>\n<meta property=\"og:site_name\" content=\"Encorsa\" \/>\n<meta property=\"article:modified_time\" content=\"2024-10-30T15:34:50+00:00\" \/>\n<meta name=\"twitter:card\" content=\"summary_large_image\" \/>\n<meta name=\"twitter:label1\" content=\"Timp estimat pentru citire\" \/>\n\t<meta name=\"twitter:data1\" content=\"5 minute\" \/>\n<script type=\"application\/ld+json\" class=\"yoast-schema-graph\">{\"@context\":\"https:\/\/schema.org\",\"@graph\":[{\"@type\":\"WebPage\",\"@id\":\"https:\/\/encorsa.ro\/?page_id=25\",\"url\":\"https:\/\/encorsa.ro\/?page_id=25\",\"name\":\"COOKIES - Encorsa\",\"isPartOf\":{\"@id\":\"https:\/\/encorsa.ro\/#website\"},\"datePublished\":\"2023-06-14T07:12:47+00:00\",\"dateModified\":\"2024-10-30T15:34:50+00:00\",\"breadcrumb\":{\"@id\":\"https:\/\/encorsa.ro\/?page_id=25#breadcrumb\"},\"inLanguage\":\"ro-RO\",\"potentialAction\":[{\"@type\":\"ReadAction\",\"target\":[\"https:\/\/encorsa.ro\/?page_id=25\"]}]},{\"@type\":\"BreadcrumbList\",\"@id\":\"https:\/\/encorsa.ro\/?page_id=25#breadcrumb\",\"itemListElement\":[{\"@type\":\"ListItem\",\"position\":1,\"name\":\"Home\",\"item\":\"https:\/\/encorsa.ro\/\"},{\"@type\":\"ListItem\",\"position\":2,\"name\":\"COOKIES\"}]},{\"@type\":\"WebSite\",\"@id\":\"https:\/\/encorsa.ro\/#website\",\"url\":\"https:\/\/encorsa.ro\/\",\"name\":\"Encorsa\",\"description\":\"\",\"potentialAction\":[{\"@type\":\"SearchAction\",\"target\":{\"@type\":\"EntryPoint\",\"urlTemplate\":\"https:\/\/encorsa.ro\/?s={search_term_string}\"},\"query-input\":\"required name=search_term_string\"}],\"inLanguage\":\"ro-RO\"}]}<\/script>\n<!-- \/ Yoast SEO plugin. -->","yoast_head_json":{"title":"COOKIES - Encorsa","robots":{"index":"index","follow":"follow","max-snippet":"max-snippet:-1","max-image-preview":"max-image-preview:large","max-video-preview":"max-video-preview:-1"},"canonical":"https:\/\/encorsa.ro\/?page_id=25","og_locale":"ro_RO","og_type":"article","og_title":"COOKIES - Encorsa","og_description":"Aceast\u0103 politic\u0103 privind cookie-urile (&#8222;Politica&#8221;) descrie ce sunt cookie-urile \u0219i cum sunt utilizate pe site-ul encorsa.ro (&#8222;Website&#8221; sau &#8222;Serviciu&#8221;) \u0219i oricare dintre produsele \u0219i serviciile sale conexe (colectiv, &#8222;Servicii&#8221;). Aceast\u0103 Politic\u0103 este un acord legal obligatoriu \u00eentre dvs. (\u201eUtilizatorul\u201d, \u201edumneavoastr\u0103\u201d sau \u201eal dumneavoastr\u0103\u201d) \u0219i Encorsa HQ (&#8222;Encorsa HQ&#8221;, &#8222;noi&#8221;, &#8222;ne&#8221; sau &#8222;al nostru&#8221;). Dac\u0103 \u00eencheia\u021bi [&hellip;]","og_url":"https:\/\/encorsa.ro\/?page_id=25","og_site_name":"Encorsa","article_modified_time":"2024-10-30T15:34:50+00:00","twitter_card":"summary_large_image","twitter_misc":{"Timp estimat pentru citire":"5 minute"},"schema":{"@context":"https:\/\/schema.org","@graph":[{"@type":"WebPage","@id":"https:\/\/encorsa.ro\/?page_id=25","url":"https:\/\/encorsa.ro\/?page_id=25","name":"COOKIES - Encorsa","isPartOf":{"@id":"https:\/\/encorsa.ro\/#website"},"datePublished":"2023-06-14T07:12:47+00:00","dateModified":"2024-10-30T15:34:50+00:00","breadcrumb":{"@id":"https:\/\/encorsa.ro\/?page_id=25#breadcrumb"},"inLanguage":"ro-RO","potentialAction":[{"@type":"ReadAction","target":["https:\/\/encorsa.ro\/?page_id=25"]}]},{"@type":"BreadcrumbList","@id":"https:\/\/encorsa.ro\/?page_id=25#breadcrumb","itemListElement":[{"@type":"ListItem","position":1,"name":"Home","item":"https:\/\/encorsa.ro\/"},{"@type":"ListItem","position":2,"name":"COOKIES"}]},{"@type":"WebSite","@id":"https:\/\/encorsa.ro\/#website","url":"https:\/\/encorsa.ro\/","name":"Encorsa","description":"","potentialAction":[{"@type":"SearchAction","target":{"@type":"EntryPoint","urlTemplate":"https:\/\/encorsa.ro\/?s={search_term_string}"},"query-input":"required name=search_term_string"}],"inLanguage":"ro-RO"}]}},"_links":{"self":[{"href":"https:\/\/encorsa.ro\/index.php?rest_route=\/wp\/v2\/pages\/25","targetHints":{"allow":["GET"]}}],"collection":[{"href":"https:\/\/encorsa.ro\/index.php?rest_route=\/wp\/v2\/pages"}],"about":[{"href":"https:\/\/encorsa.ro\/index.php?rest_route=\/wp\/v2\/types\/page"}],"author":[{"embeddable":true,"href":"https:\/\/encorsa.ro\/index.php?rest_route=\/wp\/v2\/users\/12"}],"replies":[{"embeddable":true,"href":"https:\/\/encorsa.ro\/index.php?rest_route=%2Fwp%2Fv2%2Fcomments&post=25"}],"version-history":[{"count":16,"href":"https:\/\/encorsa.ro\/index.php?rest_route=\/wp\/v2\/pages\/25\/revisions"}],"predecessor-version":[{"id":2336,"href":"https:\/\/encorsa.ro\/index.php?rest_route=\/wp\/v2\/pages\/25\/revisions\/2336"}],"wp:attachment":[{"href":"https:\/\/encorsa.ro\/index.php?rest_route=%2Fwp%2Fv2%2Fmedia&parent=25"}],"curies":[{"name":"wp","href":"https:\/\/api.w.org\/{rel}","templated":true}]}}