{"id":232,"date":"2023-07-28T09:34:29","date_gmt":"2023-07-28T09:34:29","guid":{"rendered":"https:\/\/clients.evostudio.ro\/encorsa\/?page_id=232"},"modified":"2023-09-21T13:04:37","modified_gmt":"2023-09-21T13:04:37","slug":"integrare-semnatura-digitala","status":"publish","type":"page","link":"https:\/\/encorsa.ro\/?page_id=232","title":{"rendered":"Integrare semn\u0103tur\u0103 digital\u0103"},"content":{"rendered":"<p><strong>Semnarea digital\u0103 a documentelor asigur\u0103:<\/strong><\/p>\n<p>&nbsp;<\/p>\n<ul>\n<li>autenticitate prin identificarea explicit\u0103 a persoanei care semneaz\u0103 documentul;<\/li>\n<li>integritatea pentru c\u0103 documentul nu poate fi modificat de persoane neautorizate;<\/li>\n<li>incontestabilitate datorit\u0103 faptului ca persoana care a semnat documentul nu poate nega ac\u021biunea.<\/li>\n<li>O m\u0103sur\u0103 suplimentar\u0103 poate fi utilizarea un marker temporal (timestamp) care stocheaz\u0103 data \u0219i ora exact\u0103 c\u00e2nd utilizatorul a semnat documentul.<\/li>\n<\/ul>\n<p>&nbsp;<\/p>\n<p>&nbsp;<\/p>\n<p><strong>Semn\u0103tura digital\u0103 cu certificatul X.509<\/strong><\/p>\n<p>&nbsp;<\/p>\n<p>WEBCON BPS permite semnarea ata\u0219amentelor \u00een format .PDF \u0219i .docx cu certificate disponibile \u00een Windows Central Certificate Store. Aceasta functionalitate este disponibil\u0103, dup\u0103 o configurare prealabil\u0103, \u00een dou\u0103 moduri:<\/p>\n<p>&nbsp;<\/p>\n<ul>\n<li>semnare individual\u0103 de c\u0103tre utilizator;<\/li>\n<li>semnare la nivel de server (util\u0103 pentru aprobarea \u0219i expedierea \u00een mas\u0103 a documentelor).<\/li>\n<\/ul>\n<p>&nbsp;<\/p>\n<p>Utilizarea semn\u0103turii digitale este u\u0219oar\u0103 \u0219i intuitiv\u0103 pentru utilizator. Se alege op\u021biunea potrivit\u0103 din meniul pentru ata\u0219ament \u0219i certificatul de utilizat pentru semnarea documentului. Lafinal se poate previzualiza rapid documentul din ata\u0219ament \u0219i semn\u0103tura folosit\u0103.<\/p>\n<p>&nbsp;<\/p>\n<p>&nbsp;<\/p>\n<p><strong>Semn\u0103tura digital\u0103 pentru fi\u0219ierele PDF utiliz\u00e2nd DocuSign<\/strong><\/p>\n<p>&nbsp;<\/p>\n<p>\u00cen situa\u021bia \u00een care este nevoie de o metod\u0103 mai complex\u0103 pentru semn\u0103tura digital\u0103, se poate utiliza o component\u0103 extern\u0103: DocuSign. Datorit\u0103 conectorului WEBCON BPS \u00eencorporat, configurarea \u0219i utilizarea acestuia sunt foarte simple. DocuSign permite utilizarea semn\u0103turilor digitale avansate \u00een forma grafic\u0103, iar acestea sunt compatibile cu reglement\u0103rile legale din mai multe \u021b\u0103ri. \u00cen prezent, DocuSign este folosit \u00een 188 de \u021b\u0103ri.<\/p>\n<p>&nbsp;<\/p>\n<p>Conectorul WEBCON BPS pentru DocuSign este disponibil gratuit, \u00eens\u0103 este necesar\u0103 achizi\u021bionarea de licen\u021be DocuSign proprietare. O list\u0103 complet\u0103 de func\u021bionalit\u0103\u021bi ale modulului este disponibil\u0103 pe site-ul web al produc\u0103torului.<\/p>\n<p>&nbsp;<\/p>\n<p>&nbsp;<\/p>\n<p><strong>Verificarea semn\u0103turii digitale<\/strong><\/p>\n<p>&nbsp;<\/p>\n<p>WEBCON BPS permite \u0219i verificarea semn\u0103turilor digitale, complet\u00e2nd functionalitatile anterioare cu un nivel suplimentar de securitate. Platforma poate verifica corectitudinea semn\u0103turii \u0219i garan\u021bia emitentului certificatului. \u00cen acela\u0219i timp, poate verifica fiecare parametru al semn\u0103turii: data de valabilitate, referin\u021bele, etc.<\/p>\n<p>&nbsp;<\/p>\n<p>\u00cen func\u021bie de cerin\u021bele de business, sistemul poate \u00eempiedica ac\u021biuni viitoare (de exemplu, trecerea la pasul urm\u0103tor) dac\u0103 sunt detectate nereguli \u00een semn\u0103tura digital\u0103. Sistemul poate afi\u0219a astfel informa\u021bii corecte numai pentru utilizatorul final.<\/p>\n","protected":false},"excerpt":{"rendered":"<p>Semnarea digital\u0103 a documentelor asigur\u0103: &nbsp; autenticitate prin identificarea explicit\u0103 a persoanei care semneaz\u0103 documentul; integritatea pentru c\u0103 documentul nu poate fi modificat de persoane neautorizate; incontestabilitate datorit\u0103 faptului ca persoana care a semnat documentul nu poate nega ac\u021biunea. O m\u0103sur\u0103 suplimentar\u0103 poate fi utilizarea un marker temporal (timestamp) care stocheaz\u0103 data \u0219i ora exact\u0103 [&hellip;]<\/p>\n","protected":false},"author":12,"featured_media":0,"parent":0,"menu_order":0,"comment_status":"closed","ping_status":"closed","template":"template-flux.php","meta":{"footnotes":""},"class_list":["post-232","page","type-page","status-publish","hentry"],"yoast_head":"<!-- This site is optimized with the Yoast SEO plugin v21.5 - https:\/\/yoast.com\/wordpress\/plugins\/seo\/ -->\n<title>Integrare semn\u0103tur\u0103 digital\u0103 - Encorsa<\/title>\n<meta name=\"robots\" content=\"index, follow, max-snippet:-1, max-image-preview:large, max-video-preview:-1\" \/>\n<link rel=\"canonical\" href=\"https:\/\/encorsa.ro\/?page_id=232\" \/>\n<meta property=\"og:locale\" content=\"ro_RO\" \/>\n<meta property=\"og:type\" content=\"article\" \/>\n<meta property=\"og:title\" content=\"Integrare semn\u0103tur\u0103 digital\u0103 - Encorsa\" \/>\n<meta property=\"og:description\" content=\"Semnarea digital\u0103 a documentelor asigur\u0103: &nbsp; autenticitate prin identificarea explicit\u0103 a persoanei care semneaz\u0103 documentul; integritatea pentru c\u0103 documentul nu poate fi modificat de persoane neautorizate; incontestabilitate datorit\u0103 faptului ca persoana care a semnat documentul nu poate nega ac\u021biunea. O m\u0103sur\u0103 suplimentar\u0103 poate fi utilizarea un marker temporal (timestamp) care stocheaz\u0103 data \u0219i ora exact\u0103 [&hellip;]\" \/>\n<meta property=\"og:url\" content=\"https:\/\/encorsa.ro\/?page_id=232\" \/>\n<meta property=\"og:site_name\" content=\"Encorsa\" \/>\n<meta property=\"article:modified_time\" content=\"2023-09-21T13:04:37+00:00\" \/>\n<meta name=\"twitter:card\" content=\"summary_large_image\" \/>\n<meta name=\"twitter:label1\" content=\"Timp estimat pentru citire\" \/>\n\t<meta name=\"twitter:data1\" content=\"2 minute\" \/>\n<script type=\"application\/ld+json\" class=\"yoast-schema-graph\">{\"@context\":\"https:\/\/schema.org\",\"@graph\":[{\"@type\":\"WebPage\",\"@id\":\"https:\/\/encorsa.ro\/?page_id=232\",\"url\":\"https:\/\/encorsa.ro\/?page_id=232\",\"name\":\"Integrare semn\u0103tur\u0103 digital\u0103 - Encorsa\",\"isPartOf\":{\"@id\":\"https:\/\/encorsa.ro\/#website\"},\"datePublished\":\"2023-07-28T09:34:29+00:00\",\"dateModified\":\"2023-09-21T13:04:37+00:00\",\"breadcrumb\":{\"@id\":\"https:\/\/encorsa.ro\/?page_id=232#breadcrumb\"},\"inLanguage\":\"ro-RO\",\"potentialAction\":[{\"@type\":\"ReadAction\",\"target\":[\"https:\/\/encorsa.ro\/?page_id=232\"]}]},{\"@type\":\"BreadcrumbList\",\"@id\":\"https:\/\/encorsa.ro\/?page_id=232#breadcrumb\",\"itemListElement\":[{\"@type\":\"ListItem\",\"position\":1,\"name\":\"Home\",\"item\":\"https:\/\/encorsa.ro\/\"},{\"@type\":\"ListItem\",\"position\":2,\"name\":\"Integrare semn\u0103tur\u0103 digital\u0103\"}]},{\"@type\":\"WebSite\",\"@id\":\"https:\/\/encorsa.ro\/#website\",\"url\":\"https:\/\/encorsa.ro\/\",\"name\":\"Encorsa\",\"description\":\"\",\"potentialAction\":[{\"@type\":\"SearchAction\",\"target\":{\"@type\":\"EntryPoint\",\"urlTemplate\":\"https:\/\/encorsa.ro\/?s={search_term_string}\"},\"query-input\":\"required name=search_term_string\"}],\"inLanguage\":\"ro-RO\"}]}<\/script>\n<!-- \/ Yoast SEO plugin. -->","yoast_head_json":{"title":"Integrare semn\u0103tur\u0103 digital\u0103 - Encorsa","robots":{"index":"index","follow":"follow","max-snippet":"max-snippet:-1","max-image-preview":"max-image-preview:large","max-video-preview":"max-video-preview:-1"},"canonical":"https:\/\/encorsa.ro\/?page_id=232","og_locale":"ro_RO","og_type":"article","og_title":"Integrare semn\u0103tur\u0103 digital\u0103 - Encorsa","og_description":"Semnarea digital\u0103 a documentelor asigur\u0103: &nbsp; autenticitate prin identificarea explicit\u0103 a persoanei care semneaz\u0103 documentul; integritatea pentru c\u0103 documentul nu poate fi modificat de persoane neautorizate; incontestabilitate datorit\u0103 faptului ca persoana care a semnat documentul nu poate nega ac\u021biunea. O m\u0103sur\u0103 suplimentar\u0103 poate fi utilizarea un marker temporal (timestamp) care stocheaz\u0103 data \u0219i ora exact\u0103 [&hellip;]","og_url":"https:\/\/encorsa.ro\/?page_id=232","og_site_name":"Encorsa","article_modified_time":"2023-09-21T13:04:37+00:00","twitter_card":"summary_large_image","twitter_misc":{"Timp estimat pentru citire":"2 minute"},"schema":{"@context":"https:\/\/schema.org","@graph":[{"@type":"WebPage","@id":"https:\/\/encorsa.ro\/?page_id=232","url":"https:\/\/encorsa.ro\/?page_id=232","name":"Integrare semn\u0103tur\u0103 digital\u0103 - Encorsa","isPartOf":{"@id":"https:\/\/encorsa.ro\/#website"},"datePublished":"2023-07-28T09:34:29+00:00","dateModified":"2023-09-21T13:04:37+00:00","breadcrumb":{"@id":"https:\/\/encorsa.ro\/?page_id=232#breadcrumb"},"inLanguage":"ro-RO","potentialAction":[{"@type":"ReadAction","target":["https:\/\/encorsa.ro\/?page_id=232"]}]},{"@type":"BreadcrumbList","@id":"https:\/\/encorsa.ro\/?page_id=232#breadcrumb","itemListElement":[{"@type":"ListItem","position":1,"name":"Home","item":"https:\/\/encorsa.ro\/"},{"@type":"ListItem","position":2,"name":"Integrare semn\u0103tur\u0103 digital\u0103"}]},{"@type":"WebSite","@id":"https:\/\/encorsa.ro\/#website","url":"https:\/\/encorsa.ro\/","name":"Encorsa","description":"","potentialAction":[{"@type":"SearchAction","target":{"@type":"EntryPoint","urlTemplate":"https:\/\/encorsa.ro\/?s={search_term_string}"},"query-input":"required name=search_term_string"}],"inLanguage":"ro-RO"}]}},"_links":{"self":[{"href":"https:\/\/encorsa.ro\/index.php?rest_route=\/wp\/v2\/pages\/232","targetHints":{"allow":["GET"]}}],"collection":[{"href":"https:\/\/encorsa.ro\/index.php?rest_route=\/wp\/v2\/pages"}],"about":[{"href":"https:\/\/encorsa.ro\/index.php?rest_route=\/wp\/v2\/types\/page"}],"author":[{"embeddable":true,"href":"https:\/\/encorsa.ro\/index.php?rest_route=\/wp\/v2\/users\/12"}],"replies":[{"embeddable":true,"href":"https:\/\/encorsa.ro\/index.php?rest_route=%2Fwp%2Fv2%2Fcomments&post=232"}],"version-history":[{"count":3,"href":"https:\/\/encorsa.ro\/index.php?rest_route=\/wp\/v2\/pages\/232\/revisions"}],"predecessor-version":[{"id":868,"href":"https:\/\/encorsa.ro\/index.php?rest_route=\/wp\/v2\/pages\/232\/revisions\/868"}],"wp:attachment":[{"href":"https:\/\/encorsa.ro\/index.php?rest_route=%2Fwp%2Fv2%2Fmedia&parent=232"}],"curies":[{"name":"wp","href":"https:\/\/api.w.org\/{rel}","templated":true}]}}