{"id":23,"date":"2023-06-14T07:12:38","date_gmt":"2023-06-14T07:12:38","guid":{"rendered":"https:\/\/clients.evostudio.ro\/encorsa\/?page_id=23"},"modified":"2024-10-30T15:31:58","modified_gmt":"2024-10-30T15:31:58","slug":"politica-de-confidentialitate","status":"publish","type":"page","link":"https:\/\/encorsa.ro\/?page_id=23","title":{"rendered":"POLITICA DE CONFIDEN\u021aIALITATE"},"content":{"rendered":"<p>Encorsa recunoa\u0219te importan\u021ba confiden\u021bialit\u0103\u021bii datelor personale ale vizitatorilor site-ului s\u0103u. Aceast\u0103 Politic\u0103 de Confiden\u021bialitate stabile\u0219te baza pe care gestion\u0103m \u0219i stoc\u0103m informa\u021biile personale colectate pe site-ul nostru https:\/\/encorsa.ro.<\/p>\n<p>&nbsp;<\/p>\n<p>Noua Regulamentare European\u0103 privind protec\u021bia datelor personale se reg\u0103se\u0219te \u00een Regulamentul 2016\/679\/UE al Parlamentului European \u0219i al Consiliului din 27 Aprilie 2016 privind protec\u021bia persoanelor fizice \u00een ceea ce prive\u0219te prelucrarea datelor personale \u0219i libera circula\u021bie a acestor date \u0219i abrog\u0103 Directiva 95\/46\/EC (Regulamentul General privind Protec\u021bia Datelor).<\/p>\n<p>&nbsp;<\/p>\n<p>Politica noastr\u0103 de Confiden\u021bialitate prezint\u0103 principiile \u0219i m\u0103surile luate pentru a asigura conformitatea prelucr\u0103rii datelor conform Regulamentului. Astfel, inten\u021bion\u0103m s\u0103 avem cu clien\u021bii, partenerii \u0219i vizitatorii site-ului nostru o rela\u021bie bazat\u0103 pe etic\u0103, \u00eencredere \u0219i transparen\u021b\u0103.<\/p>\n<p>&nbsp;<\/p>\n<p>&nbsp;<\/p>\n<p>SCOPUL \u0218I TEMEIUL LEGAL AL PRELUCR\u0102RII<\/p>\n<p><strong>\u00a0<\/strong><\/p>\n<p>Scopul prelucr\u0103rii datelor personale const\u0103 \u00een a r\u0103spunde solicit\u0103rii transmise de dumneavoastr\u0103 pe site-ul nostru. Temeiul legal al prelucr\u0103rii datelor personale este reprezentat de consim\u021b\u0103m\u00e2ntul dumneavoastr\u0103 dat conform art. 6 \u00een Regulamentul UE 2016\/679 al Parlamentului European \u0219i al Consiliului privind Protec\u021bia Datelor Personale \u0219i interesul nostru legitim.<\/p>\n<p>&nbsp;<\/p>\n<p>&nbsp;<\/p>\n<p>CATEGORIILE DE DATE<\/p>\n<p><strong>\u00a0<\/strong><\/p>\n<p>Encorsa prelucreaz\u0103, \u00een ceea ce v\u0103 prive\u0219te, urm\u0103toarele categorii de date personale: nume, prenume, adres\u0103 de email, num\u0103r de telefon, func\u021bie, nume companie \u0219i alte informa\u021bii transmise\u00a0 prin solicitare.<\/p>\n<p>&nbsp;<\/p>\n<p>&nbsp;<\/p>\n<p>CUM SUNT PRELUCRATE DATELE DUMNEAVOASTR\u0102 PERSONALE DE PE SITE<\/p>\n<p>&nbsp;<\/p>\n<p>Dac\u0103 desc\u0103rca\u021bi anumite articole sau materiale de pe site-ul nostru sau alte tipuri de con\u021binut \u00een leg\u0103tur\u0103 cu produsele \u0219i serviciile noastre, vom colecta adresa de email;<\/p>\n<p>&nbsp;<\/p>\n<p>Dac\u0103 ne contacta\u021bi cu un comentariu, o \u00eentrebare sau o pl\u00e2ngere, s-ar putea s\u0103 v\u0103 solicit\u0103m informa\u021bii pentru a fi identificat, precum numele, adresa \u0219i num\u0103rul de telefon, \u00eempreun\u0103 cu alte informa\u021bii necesare pentru a v\u0103 oferi rapid un r\u0103spuns. Vom p\u0103stra aceste informa\u021bii pentru maximum 3 ani de la colectare pentru a v\u0103 ajuta \u00een viitor \u0219i pentru a \u00eembun\u0103t\u0103\u021bi serviciile noastre c\u0103tre clien\u021bi, ofertele \u0219i site-ul \u0219i, de asemenea, pentru a ajuta la rezolvarea posibilelor litigii \u00een care ar putea fi implicat\u0103 compania noastr\u0103;<\/p>\n<p>&nbsp;<\/p>\n<p>Aten\u021bie! Nu sunte\u021bi obligat s\u0103 ne furniza\u021bi aceste informa\u021bii, dar dac\u0103 nu ni le furniza\u021bi, s-ar putea s\u0103 nu v\u0103 putem oferi r\u0103spunsuri relevante sau detaliate la solicit\u0103rile dumneavoastr\u0103 de afaceri. Metodele prin care lu\u0103m leg\u0103tura cu dumneavoastr\u0103 v\u0103 vor oferi \u00eentotdeauna posibilitatea de a solicita \u00eendep\u0103rtarea datelor personale din comunic\u0103rile viitoare.<\/p>\n<p>&nbsp;<\/p>\n<p>&nbsp;<\/p>\n<p>POLITICA PRIVIND COOKIE-URILE<\/p>\n<p>&nbsp;<\/p>\n<p>Site-ul nostru stocheaz\u0103 \u0219i proceseaz\u0103 informa\u021bii din browser folosind cookie-uri. \u00cen m\u0103sura \u00een care aceste informa\u021bii pot fi considerate date personale, sunt utilizate exclusiv \u00een scopul gestion\u0103rii site-ului nostru. Cookie-urile pe care le folosim au scopul de a te ajuta s\u0103 navighezi eficient \u0219i s\u0103 efectuezi anumite func\u021bii. Mai multe informa\u021bii g\u0103si\u021bi pe pagina Encorsa dedicat\u0103 pentru <a href=\"https:\/\/encorsa.ro\/cookies\/\">politica privind cookie-urile<\/a><a href=\"https:\/\/encorsa.ro\/cookies\/\">.<\/a><\/p>\n<p>&nbsp;<\/p>\n<p>&nbsp;<\/p>\n<p>CATEGORIILE DE DESTINATARI C\u0102RORA LE SUNT TRANSMISE DATELE<\/p>\n<p>&nbsp;<\/p>\n<p>Datele dvs. personale sunt stocate \u0219i p\u0103strate \u00een baza noastr\u0103 de date corespunz\u0103toare site-ului companiei. Niciun ter\u021b nu are acces la datele dvs., cu excep\u021bia cazului \u00een care exist\u0103 o obliga\u021bie legal\u0103 sau contractual\u0103.<\/p>\n<p>&nbsp;<\/p>\n<p>Obliga\u021bia contractual\u0103 va fi conceput\u0103 \u00een func\u021bie de modul \u00een care se desf\u0103\u0219oar\u0103 procesul de verificare care ar necesita transmiterea datelor c\u0103tre partenerii contractuali ai companiei. Datele vor fi transmise partenerilor contractuali numai dac\u0103 ace\u0219tia furnizeaz\u0103 conformitatea cu obliga\u021bia de prelucrare a datelor \u0219i implementarea unor m\u0103suri tehnice \u0219i organiza\u021bionale adecvate.<\/p>\n<p>&nbsp;<\/p>\n<p>&nbsp;<\/p>\n<p>DREPTURILE SUBIEC\u021aILOR DE DATE<\/p>\n<p>&nbsp;<\/p>\n<p>\u00cen leg\u0103tur\u0103 cu prelucrarea Datelor Personale \u0219i pe baza condi\u021biilor specificate de Regulamentul privind protec\u021bia datelor, pute\u021bi exercita oricare dintre urm\u0103toarele drepturi:<\/p>\n<p>&nbsp;<\/p>\n<p>Dreptul de acces la datele personale care v\u0103 privesc: pute\u021bi solicita s\u0103 vi se comunice categoriile de date personale care sunt prelucrate, scopul prelucr\u0103rii, destinatarii c\u0103rora le-au fost sau le vor fi dezv\u0103luite, perioada previzionat\u0103 pentru care vor fi stocate sau, dac\u0103 nu este posibil, criteriile utilizate pentru a determina acea perioad\u0103; existen\u021ba lu\u0103rii automatizate a deciziilor, inclusiv profilarea;<\/p>\n<p>&nbsp;<\/p>\n<p>Dreptul la rectificare sau actualizare atunci c\u00e2nd datele sunt inexacte sau incomplete pe parcursul prelucr\u0103rii \u0219i \u00eenainte de emiterea raportului final; dac\u0103 exist\u0103 erori legate de datele dvs. prelucrate, pute\u021bi solicita rectificarea lor; dac\u0103 datele sunt incomplete, pute\u021bi solicita completarea lor. Rectificarea va fi comunicat\u0103 fiec\u0103rui destinatar c\u0103ruia i-au fost dezv\u0103luite astfel de date, cu excep\u021bia cazului \u00een care acest lucru se dovede\u0219te imposibil sau implic\u0103 eforturi dispropor\u021bionate;<\/p>\n<p>&nbsp;<\/p>\n<p>Dreptul la \u0219tergerea datelor \u00een anumite circumstan\u021be (de exemplu, c\u00e2nd datele personale nu mai sunt necesare \u00een raport cu scopurile men\u021bionate anterior): pute\u021bi solicita \u0219tergerea datelor prelucrate, dac\u0103 aceste date nu mai sunt necesare \u00een raport cu scopurile pentru care au fost colectate sau prelucrate, dac\u0103 v-a\u021bi retras consim\u021b\u0103m\u00e2ntul \u0219i nu exist\u0103 alt temei legal pentru prelucrare; dac\u0103 v\u0103 opune\u021bi prelucr\u0103rii \u0219i nu exist\u0103 motive legitime care prevaleaz\u0103 pentru prelucrare; datele personale au fost prelucrate ilegal; datele personale trebuie \u0219terse pentru conformitatea cu o obliga\u021bie legal\u0103; datele personale au fost colectate \u00een leg\u0103tur\u0103 cu oferirea serviciilor societ\u0103\u021bii informa\u021bionale;<\/p>\n<p>&nbsp;<\/p>\n<p>Dreptul la restric\u021bionarea prelucr\u0103rii \u00een anumite circumstan\u021be: ave\u021bi dreptul la restric\u021bionarea prelucr\u0103rii datelor \u00een urm\u0103toarele cazuri: a\u021bi contestat exactitatea datelor personale pentru o perioad\u0103 care ne permite s\u0103 verific\u0103m exactitatea datelor; dac\u0103 prelucrarea este ilegal\u0103 \u0219i v\u0103 opune\u021bi \u0219tergerii datelor personale \u0219i solicita\u021bi restric\u021bionarea utiliz\u0103rii lor \u00een schimb; dac\u0103 compania nu mai are nevoie de datele personale pentru scopurile prelucr\u0103rii, dar le solicita\u021bi pentru stabilirea, exercitarea sau ap\u0103rarea unor preten\u021bii legale; dac\u0103 v-a\u021bi opus prelucr\u0103rii \u00een a\u0219teptarea verific\u0103rii dac\u0103 motivele legitime ale companiei prevaleaz\u0103 asupra dvs.;<\/p>\n<p>&nbsp;<\/p>\n<p>Dreptul de a v\u0103 opune prelucr\u0103rii: ave\u021bi dreptul de a v\u0103 opune prelucr\u0103rii datelor personale dac\u0103 acestea se refer\u0103 la marketing direct. Astfel, v\u0103 pute\u021bi opune prelucr\u0103rii, cu excep\u021bia cazului \u00een care compania demonstreaz\u0103 motive legitime pentru prelucrare care prevaleaz\u0103 asupra intereselor, drepturilor \u0219i libert\u0103\u021bilor dvs. sau pentru stabilirea, exercitarea sau ap\u0103rarea unor preten\u021bii legale;<\/p>\n<p>&nbsp;<\/p>\n<p>Dreptul de a v\u0103 retrage consim\u021b\u0103m\u00e2ntul, \u00een orice moment, pentru prelucrarea datelor care v\u0103 privesc \u00een baza unei cereri trimise la adresa de email dpo@encorsa.com;<\/p>\n<p>&nbsp;<\/p>\n<p>Dreptul la portabilitatea datelor, \u00een sensul transferului datelor personale c\u0103tre un alt operator desemnat de dumneavoastr\u0103;<\/p>\n<p>&nbsp;<\/p>\n<p>Dreptul de a nu fi supus unei decizii bazate exclusiv pe prelucrarea automatizat\u0103 a datelor: Nu ve\u021bi fi supus unei decizii bazate exclusiv pe prelucrarea automatizat\u0103 a datelor.<\/p>\n<p>&nbsp;<\/p>\n<p>Pentru \u00eentreb\u0103ri suplimentare legate de prelucrarea datelor personale sau \u00een leg\u0103tur\u0103 cu utilizarea datelor personale de c\u0103tre Operator, v\u0103 rug\u0103m s\u0103 contacta\u021bi Ofi\u021berul pentru Protec\u021bia Datelor la adresa de email urm\u0103toare: dpo@encorsa.com.<\/p>\n<p>&nbsp;<\/p>\n<p>Dac\u0103 crede\u021bi c\u0103 drepturile dumneavoastr\u0103 au fost \u00eenc\u0103lcate, pute\u021bi depune o pl\u00e2ngere la Autoritatea Na\u021bional\u0103 de Supraveghere a Prelucr\u0103rii Datelor cu Caracter Personal, , B-dul G-ral. Gheorghe Magheru nr. 28-30, Sector 1, cod po\u0219tal: 010336, Bucure\u0219ti, Rom\u00e2nia, Telefon: +40.318.059.211 sau +40.318.059.212; E-mail: anspdcp@dataprotection.ro<\/p>\n<p>&nbsp;<\/p>\n<p>&nbsp;<\/p>\n<p>ACTUALIZAREA POLITICII DE CONFIDEN\u021aIALITATE<\/p>\n<p>&nbsp;<\/p>\n<p>Aceast\u0103 Politic\u0103 de Confiden\u021bialitate poate fi actualizat\u0103 ocazional, de exemplu, \u00een urma modific\u0103rii legisla\u021biei relevante. \u00cencuraj\u0103m vizitatorii site-ului nostru s\u0103 verifice periodic aceast\u0103 pagin\u0103 pentru a fi informa\u021bi despre ultimele nout\u0103\u021bi privind practicile noastre de confiden\u021bialitate.<\/p>\n<p>&nbsp;<\/p>\n<p>&nbsp;<\/p>\n<p>DATE DE CONTACT<\/p>\n<p>&nbsp;<\/p>\n<p>Website-ul nostrum https:\/\/encorsa.ro apartine si este administrat de catre ENCORSA HQ SRL, companie rom\u00e2neasc\u0103 (date de identificare: Nr. Reg. Com.: J40\/21574\/2005, CUI: RO18239095), care poate fi contactata in urmatoarele moduri:<\/p>\n<p>&nbsp;<\/p>\n<p>Telefonic: 0766.372.356<\/p>\n<p>&nbsp;<\/p>\n<p>E-mail: dpo@encorsa.com<\/p>\n<p>&nbsp;<\/p>\n<p>La adresa: Strada General H. M. Berthelot 59, Bucure\u0219ti<\/p>\n","protected":false},"excerpt":{"rendered":"<p>Encorsa recunoa\u0219te importan\u021ba confiden\u021bialit\u0103\u021bii datelor personale ale vizitatorilor site-ului s\u0103u. Aceast\u0103 Politic\u0103 de Confiden\u021bialitate stabile\u0219te baza pe care gestion\u0103m \u0219i stoc\u0103m informa\u021biile personale colectate pe site-ul nostru https:\/\/encorsa.ro. &nbsp; Noua Regulamentare European\u0103 privind protec\u021bia datelor personale se reg\u0103se\u0219te \u00een Regulamentul 2016\/679\/UE al Parlamentului European \u0219i al Consiliului din 27 Aprilie 2016 privind protec\u021bia persoanelor fizice [&hellip;]<\/p>\n","protected":false},"author":12,"featured_media":0,"parent":0,"menu_order":0,"comment_status":"closed","ping_status":"closed","template":"","meta":{"footnotes":""},"class_list":["post-23","page","type-page","status-publish","hentry"],"yoast_head":"<!-- This site is optimized with the Yoast SEO plugin v21.5 - https:\/\/yoast.com\/wordpress\/plugins\/seo\/ -->\n<title>POLITICA DE CONFIDEN\u021aIALITATE - Encorsa<\/title>\n<meta name=\"robots\" content=\"index, follow, max-snippet:-1, max-image-preview:large, max-video-preview:-1\" \/>\n<link rel=\"canonical\" href=\"https:\/\/encorsa.ro\/?page_id=23\" \/>\n<meta property=\"og:locale\" content=\"ro_RO\" \/>\n<meta property=\"og:type\" content=\"article\" \/>\n<meta property=\"og:title\" content=\"POLITICA DE CONFIDEN\u021aIALITATE - Encorsa\" \/>\n<meta property=\"og:description\" content=\"Encorsa recunoa\u0219te importan\u021ba confiden\u021bialit\u0103\u021bii datelor personale ale vizitatorilor site-ului s\u0103u. Aceast\u0103 Politic\u0103 de Confiden\u021bialitate stabile\u0219te baza pe care gestion\u0103m \u0219i stoc\u0103m informa\u021biile personale colectate pe site-ul nostru https:\/\/encorsa.ro. &nbsp; Noua Regulamentare European\u0103 privind protec\u021bia datelor personale se reg\u0103se\u0219te \u00een Regulamentul 2016\/679\/UE al Parlamentului European \u0219i al Consiliului din 27 Aprilie 2016 privind protec\u021bia persoanelor fizice [&hellip;]\" \/>\n<meta property=\"og:url\" content=\"https:\/\/encorsa.ro\/?page_id=23\" \/>\n<meta property=\"og:site_name\" content=\"Encorsa\" \/>\n<meta property=\"article:modified_time\" content=\"2024-10-30T15:31:58+00:00\" \/>\n<meta name=\"twitter:card\" content=\"summary_large_image\" \/>\n<meta name=\"twitter:label1\" content=\"Timp estimat pentru citire\" \/>\n\t<meta name=\"twitter:data1\" content=\"7 minute\" \/>\n<script type=\"application\/ld+json\" class=\"yoast-schema-graph\">{\"@context\":\"https:\/\/schema.org\",\"@graph\":[{\"@type\":\"WebPage\",\"@id\":\"https:\/\/encorsa.ro\/?page_id=23\",\"url\":\"https:\/\/encorsa.ro\/?page_id=23\",\"name\":\"POLITICA DE CONFIDEN\u021aIALITATE - Encorsa\",\"isPartOf\":{\"@id\":\"https:\/\/encorsa.ro\/#website\"},\"datePublished\":\"2023-06-14T07:12:38+00:00\",\"dateModified\":\"2024-10-30T15:31:58+00:00\",\"breadcrumb\":{\"@id\":\"https:\/\/encorsa.ro\/?page_id=23#breadcrumb\"},\"inLanguage\":\"ro-RO\",\"potentialAction\":[{\"@type\":\"ReadAction\",\"target\":[\"https:\/\/encorsa.ro\/?page_id=23\"]}]},{\"@type\":\"BreadcrumbList\",\"@id\":\"https:\/\/encorsa.ro\/?page_id=23#breadcrumb\",\"itemListElement\":[{\"@type\":\"ListItem\",\"position\":1,\"name\":\"Home\",\"item\":\"https:\/\/encorsa.ro\/\"},{\"@type\":\"ListItem\",\"position\":2,\"name\":\"POLITICA DE CONFIDEN\u021aIALITATE\"}]},{\"@type\":\"WebSite\",\"@id\":\"https:\/\/encorsa.ro\/#website\",\"url\":\"https:\/\/encorsa.ro\/\",\"name\":\"Encorsa\",\"description\":\"\",\"potentialAction\":[{\"@type\":\"SearchAction\",\"target\":{\"@type\":\"EntryPoint\",\"urlTemplate\":\"https:\/\/encorsa.ro\/?s={search_term_string}\"},\"query-input\":\"required name=search_term_string\"}],\"inLanguage\":\"ro-RO\"}]}<\/script>\n<!-- \/ Yoast SEO plugin. -->","yoast_head_json":{"title":"POLITICA DE CONFIDEN\u021aIALITATE - Encorsa","robots":{"index":"index","follow":"follow","max-snippet":"max-snippet:-1","max-image-preview":"max-image-preview:large","max-video-preview":"max-video-preview:-1"},"canonical":"https:\/\/encorsa.ro\/?page_id=23","og_locale":"ro_RO","og_type":"article","og_title":"POLITICA DE CONFIDEN\u021aIALITATE - Encorsa","og_description":"Encorsa recunoa\u0219te importan\u021ba confiden\u021bialit\u0103\u021bii datelor personale ale vizitatorilor site-ului s\u0103u. Aceast\u0103 Politic\u0103 de Confiden\u021bialitate stabile\u0219te baza pe care gestion\u0103m \u0219i stoc\u0103m informa\u021biile personale colectate pe site-ul nostru https:\/\/encorsa.ro. &nbsp; Noua Regulamentare European\u0103 privind protec\u021bia datelor personale se reg\u0103se\u0219te \u00een Regulamentul 2016\/679\/UE al Parlamentului European \u0219i al Consiliului din 27 Aprilie 2016 privind protec\u021bia persoanelor fizice [&hellip;]","og_url":"https:\/\/encorsa.ro\/?page_id=23","og_site_name":"Encorsa","article_modified_time":"2024-10-30T15:31:58+00:00","twitter_card":"summary_large_image","twitter_misc":{"Timp estimat pentru citire":"7 minute"},"schema":{"@context":"https:\/\/schema.org","@graph":[{"@type":"WebPage","@id":"https:\/\/encorsa.ro\/?page_id=23","url":"https:\/\/encorsa.ro\/?page_id=23","name":"POLITICA DE CONFIDEN\u021aIALITATE - Encorsa","isPartOf":{"@id":"https:\/\/encorsa.ro\/#website"},"datePublished":"2023-06-14T07:12:38+00:00","dateModified":"2024-10-30T15:31:58+00:00","breadcrumb":{"@id":"https:\/\/encorsa.ro\/?page_id=23#breadcrumb"},"inLanguage":"ro-RO","potentialAction":[{"@type":"ReadAction","target":["https:\/\/encorsa.ro\/?page_id=23"]}]},{"@type":"BreadcrumbList","@id":"https:\/\/encorsa.ro\/?page_id=23#breadcrumb","itemListElement":[{"@type":"ListItem","position":1,"name":"Home","item":"https:\/\/encorsa.ro\/"},{"@type":"ListItem","position":2,"name":"POLITICA DE CONFIDEN\u021aIALITATE"}]},{"@type":"WebSite","@id":"https:\/\/encorsa.ro\/#website","url":"https:\/\/encorsa.ro\/","name":"Encorsa","description":"","potentialAction":[{"@type":"SearchAction","target":{"@type":"EntryPoint","urlTemplate":"https:\/\/encorsa.ro\/?s={search_term_string}"},"query-input":"required name=search_term_string"}],"inLanguage":"ro-RO"}]}},"_links":{"self":[{"href":"https:\/\/encorsa.ro\/index.php?rest_route=\/wp\/v2\/pages\/23","targetHints":{"allow":["GET"]}}],"collection":[{"href":"https:\/\/encorsa.ro\/index.php?rest_route=\/wp\/v2\/pages"}],"about":[{"href":"https:\/\/encorsa.ro\/index.php?rest_route=\/wp\/v2\/types\/page"}],"author":[{"embeddable":true,"href":"https:\/\/encorsa.ro\/index.php?rest_route=\/wp\/v2\/users\/12"}],"replies":[{"embeddable":true,"href":"https:\/\/encorsa.ro\/index.php?rest_route=%2Fwp%2Fv2%2Fcomments&post=23"}],"version-history":[{"count":17,"href":"https:\/\/encorsa.ro\/index.php?rest_route=\/wp\/v2\/pages\/23\/revisions"}],"predecessor-version":[{"id":2275,"href":"https:\/\/encorsa.ro\/index.php?rest_route=\/wp\/v2\/pages\/23\/revisions\/2275"}],"wp:attachment":[{"href":"https:\/\/encorsa.ro\/index.php?rest_route=%2Fwp%2Fv2%2Fmedia&parent=23"}],"curies":[{"name":"wp","href":"https:\/\/api.w.org\/{rel}","templated":true}]}}