{"id":228,"date":"2023-07-28T09:33:50","date_gmt":"2023-07-28T09:33:50","guid":{"rendered":"https:\/\/clients.evostudio.ro\/encorsa\/?page_id=228"},"modified":"2023-11-07T11:04:55","modified_gmt":"2023-11-07T11:04:55","slug":"ocr-si-inregistrare-documente","status":"publish","type":"page","link":"https:\/\/encorsa.ro\/?page_id=228","title":{"rendered":"OCR \u0219i \u00eenregistrare documente"},"content":{"rendered":"<p><strong>Digitizarea documentelor tiparite<\/strong><\/p>\n<p>&nbsp;<\/p>\n<p>Multe fluxuri de documente pornesc din punctul de \u00eenregistrare \u00een sistem a unui document aflate ini\u021bial pe suport de h\u00e2rtie. Este foarte important modul \u00een care sistemul accept\u0103 digitizarea documentelor tradi\u021bionale \u0219i trateaz\u0103 modurile diverse prin care ele ajung \u00een organiza\u021bie. WEBCON BPS are un sistem de gestionare a documentelor care permite:<\/p>\n<p>&nbsp;<\/p>\n<ul>\n<li>semnarea manual\u0103 a un document folosind o interfa\u021b\u0103 ergonomic\u0103 \u0219i intuitiv\u0103 asistat\u0103 de sugestii \u0219i sfaturi;<\/li>\n<li>automatizarea complet\u0103 a procesul de scanare a documentelor pe h\u00e2rtie folosind un sistem de codurilor de bare;<\/li>\n<li>\u00eenregistrarea automat\u0103 a documentelor care vin prin e-mail, fax sau EDI (Electronic Document Interchange);<\/li>\n<li>identificarea con\u021binutul documentelor scanate folosind un mecanism OCR avansat \u0219i completarea automat\u0103 a formularele de \u00eenregistrare cu metadate.<\/li>\n<\/ul>\n<p>&nbsp;<\/p>\n<p>Utiliz\u00e2nd sistemul nostru avansat OCR, alegerea modului de \u00eenregistrare a documentelor (manual sau automat) depinde de preferin\u021bele clien\u021bilor \u0219i de num\u0103rul de documente care sunt \u00eenregistrate \u00een fiecare zi.<\/p>\n<p>&nbsp;<\/p>\n<p>&nbsp;<\/p>\n<p><strong>\u00cenregistrarea automat\u0103 a documentelor<\/strong><\/p>\n<p>&nbsp;<\/p>\n<p>Facturile trimise de furnizori prin e-mail, precum \u0219i documentele primite prin fax \u0219i scanate, pot fi \u00eenregistrate automat \u00een WEBCON BPS. Acest lucru este posibil pentru ca sistemul nostru folose\u0219te un mecanism OCR avansat bazat pe principiul fuzzy logic.<\/p>\n<p>&nbsp;<\/p>\n<p>\u00cen prima faz\u0103, documentul scanat este supus procesului de recunoa\u0219tere \u0219i indexare a caracterelor. \u00cen a doua faz\u0103 pute\u021bi c\u0103uta cuvinte cheie \u0219i expresii definitorii \u00een timpul \u00eenregistr\u0103rii documentelor. Pentru facturi, astfel de fraze includ \u201enum\u0103rul contului bancar\u201d, \u201edata pl\u0103\u021bii\u201d , \u201esuma net\u0103\u201d sau \u201eTVA\u201d.<\/p>\n<p>&nbsp;<\/p>\n<p>Important este c\u0103, din perspectiva sistemului, nu conteaz\u0103 unde apar cuvintele sau frazele c\u0103utate \u00een document \u0219i deci nu este nevoie s\u0103 adapta\u021bi algoritmul la facturi tiparite cu template-uri diferite, de exemplu.<\/p>\n<p>&nbsp;<\/p>\n<p>Documentele recunoscute ini\u021biaz\u0103 un flux de lucru \u00een care a\u0219teapt\u0103 verificarea din partea unui utilizator (de exemplu, la front office).<\/p>\n<p>&nbsp;<\/p>\n<p>WEBCON BPS ofer\u0103 o interfa\u021b\u0103 clar\u0103 \u0219i u\u0219or de utilizat pentru verificarea documentelor recunoscute de OCR Framework. Utilizatorul observ\u0103 rapid unde se afl\u0103 frazele recunoscute \u00een documentul scanat. \u00cen plus, frazele pe care sistemul nu le-a recunoscut cu precizie sunt eviden\u021biate (\u00een ro\u0219u).<\/p>\n<p>&nbsp;<\/p>\n<p>Pute\u021bi muta cu drag&amp;drop \u00een orice moment textul unui document chiar \u00een formularul de \u00eenregistrare. Un aspect la fel de important este faptul c\u0103 utilizatorii verific\u0103 recunoa\u0219terea datelor chiar \u00een interfa\u021ba familiar\u0103 a WEBCON BPS- aceea\u0219i care este utilizat\u0103 apoi \u00een lucrul cu documentul.<\/p>\n","protected":false},"excerpt":{"rendered":"<p>Digitizarea documentelor tiparite &nbsp; Multe fluxuri de documente pornesc din punctul de \u00eenregistrare \u00een sistem a unui document aflate ini\u021bial pe suport de h\u00e2rtie. Este foarte important modul \u00een care sistemul accept\u0103 digitizarea documentelor tradi\u021bionale \u0219i trateaz\u0103 modurile diverse prin care ele ajung \u00een organiza\u021bie. WEBCON BPS are un sistem de gestionare a documentelor care [&hellip;]<\/p>\n","protected":false},"author":12,"featured_media":0,"parent":0,"menu_order":0,"comment_status":"closed","ping_status":"closed","template":"template-flux.php","meta":{"footnotes":""},"class_list":["post-228","page","type-page","status-publish","hentry"],"yoast_head":"<!-- This site is optimized with the Yoast SEO plugin v21.5 - https:\/\/yoast.com\/wordpress\/plugins\/seo\/ -->\n<title>OCR \u0219i \u00eenregistrare documente - Encorsa<\/title>\n<meta name=\"robots\" content=\"index, follow, max-snippet:-1, max-image-preview:large, max-video-preview:-1\" \/>\n<link rel=\"canonical\" href=\"https:\/\/encorsa.ro\/?page_id=228\" \/>\n<meta property=\"og:locale\" content=\"ro_RO\" \/>\n<meta property=\"og:type\" content=\"article\" \/>\n<meta property=\"og:title\" content=\"OCR \u0219i \u00eenregistrare documente - Encorsa\" \/>\n<meta property=\"og:description\" content=\"Digitizarea documentelor tiparite &nbsp; Multe fluxuri de documente pornesc din punctul de \u00eenregistrare \u00een sistem a unui document aflate ini\u021bial pe suport de h\u00e2rtie. Este foarte important modul \u00een care sistemul accept\u0103 digitizarea documentelor tradi\u021bionale \u0219i trateaz\u0103 modurile diverse prin care ele ajung \u00een organiza\u021bie. WEBCON BPS are un sistem de gestionare a documentelor care [&hellip;]\" \/>\n<meta property=\"og:url\" content=\"https:\/\/encorsa.ro\/?page_id=228\" \/>\n<meta property=\"og:site_name\" content=\"Encorsa\" \/>\n<meta property=\"article:modified_time\" content=\"2023-11-07T11:04:55+00:00\" \/>\n<meta name=\"twitter:card\" content=\"summary_large_image\" \/>\n<meta name=\"twitter:label1\" content=\"Timp estimat pentru citire\" \/>\n\t<meta name=\"twitter:data1\" content=\"2 minute\" \/>\n<script type=\"application\/ld+json\" class=\"yoast-schema-graph\">{\"@context\":\"https:\/\/schema.org\",\"@graph\":[{\"@type\":\"WebPage\",\"@id\":\"https:\/\/encorsa.ro\/?page_id=228\",\"url\":\"https:\/\/encorsa.ro\/?page_id=228\",\"name\":\"OCR \u0219i \u00eenregistrare documente - Encorsa\",\"isPartOf\":{\"@id\":\"https:\/\/encorsa.ro\/#website\"},\"datePublished\":\"2023-07-28T09:33:50+00:00\",\"dateModified\":\"2023-11-07T11:04:55+00:00\",\"breadcrumb\":{\"@id\":\"https:\/\/encorsa.ro\/?page_id=228#breadcrumb\"},\"inLanguage\":\"ro-RO\",\"potentialAction\":[{\"@type\":\"ReadAction\",\"target\":[\"https:\/\/encorsa.ro\/?page_id=228\"]}]},{\"@type\":\"BreadcrumbList\",\"@id\":\"https:\/\/encorsa.ro\/?page_id=228#breadcrumb\",\"itemListElement\":[{\"@type\":\"ListItem\",\"position\":1,\"name\":\"Home\",\"item\":\"https:\/\/encorsa.ro\/\"},{\"@type\":\"ListItem\",\"position\":2,\"name\":\"OCR \u0219i \u00eenregistrare documente\"}]},{\"@type\":\"WebSite\",\"@id\":\"https:\/\/encorsa.ro\/#website\",\"url\":\"https:\/\/encorsa.ro\/\",\"name\":\"Encorsa\",\"description\":\"\",\"potentialAction\":[{\"@type\":\"SearchAction\",\"target\":{\"@type\":\"EntryPoint\",\"urlTemplate\":\"https:\/\/encorsa.ro\/?s={search_term_string}\"},\"query-input\":\"required name=search_term_string\"}],\"inLanguage\":\"ro-RO\"}]}<\/script>\n<!-- \/ Yoast SEO plugin. -->","yoast_head_json":{"title":"OCR \u0219i \u00eenregistrare documente - Encorsa","robots":{"index":"index","follow":"follow","max-snippet":"max-snippet:-1","max-image-preview":"max-image-preview:large","max-video-preview":"max-video-preview:-1"},"canonical":"https:\/\/encorsa.ro\/?page_id=228","og_locale":"ro_RO","og_type":"article","og_title":"OCR \u0219i \u00eenregistrare documente - Encorsa","og_description":"Digitizarea documentelor tiparite &nbsp; Multe fluxuri de documente pornesc din punctul de \u00eenregistrare \u00een sistem a unui document aflate ini\u021bial pe suport de h\u00e2rtie. Este foarte important modul \u00een care sistemul accept\u0103 digitizarea documentelor tradi\u021bionale \u0219i trateaz\u0103 modurile diverse prin care ele ajung \u00een organiza\u021bie. WEBCON BPS are un sistem de gestionare a documentelor care [&hellip;]","og_url":"https:\/\/encorsa.ro\/?page_id=228","og_site_name":"Encorsa","article_modified_time":"2023-11-07T11:04:55+00:00","twitter_card":"summary_large_image","twitter_misc":{"Timp estimat pentru citire":"2 minute"},"schema":{"@context":"https:\/\/schema.org","@graph":[{"@type":"WebPage","@id":"https:\/\/encorsa.ro\/?page_id=228","url":"https:\/\/encorsa.ro\/?page_id=228","name":"OCR \u0219i \u00eenregistrare documente - Encorsa","isPartOf":{"@id":"https:\/\/encorsa.ro\/#website"},"datePublished":"2023-07-28T09:33:50+00:00","dateModified":"2023-11-07T11:04:55+00:00","breadcrumb":{"@id":"https:\/\/encorsa.ro\/?page_id=228#breadcrumb"},"inLanguage":"ro-RO","potentialAction":[{"@type":"ReadAction","target":["https:\/\/encorsa.ro\/?page_id=228"]}]},{"@type":"BreadcrumbList","@id":"https:\/\/encorsa.ro\/?page_id=228#breadcrumb","itemListElement":[{"@type":"ListItem","position":1,"name":"Home","item":"https:\/\/encorsa.ro\/"},{"@type":"ListItem","position":2,"name":"OCR \u0219i \u00eenregistrare documente"}]},{"@type":"WebSite","@id":"https:\/\/encorsa.ro\/#website","url":"https:\/\/encorsa.ro\/","name":"Encorsa","description":"","potentialAction":[{"@type":"SearchAction","target":{"@type":"EntryPoint","urlTemplate":"https:\/\/encorsa.ro\/?s={search_term_string}"},"query-input":"required name=search_term_string"}],"inLanguage":"ro-RO"}]}},"_links":{"self":[{"href":"https:\/\/encorsa.ro\/index.php?rest_route=\/wp\/v2\/pages\/228","targetHints":{"allow":["GET"]}}],"collection":[{"href":"https:\/\/encorsa.ro\/index.php?rest_route=\/wp\/v2\/pages"}],"about":[{"href":"https:\/\/encorsa.ro\/index.php?rest_route=\/wp\/v2\/types\/page"}],"author":[{"embeddable":true,"href":"https:\/\/encorsa.ro\/index.php?rest_route=\/wp\/v2\/users\/12"}],"replies":[{"embeddable":true,"href":"https:\/\/encorsa.ro\/index.php?rest_route=%2Fwp%2Fv2%2Fcomments&post=228"}],"version-history":[{"count":2,"href":"https:\/\/encorsa.ro\/index.php?rest_route=\/wp\/v2\/pages\/228\/revisions"}],"predecessor-version":[{"id":871,"href":"https:\/\/encorsa.ro\/index.php?rest_route=\/wp\/v2\/pages\/228\/revisions\/871"}],"wp:attachment":[{"href":"https:\/\/encorsa.ro\/index.php?rest_route=%2Fwp%2Fv2%2Fmedia&parent=228"}],"curies":[{"name":"wp","href":"https:\/\/api.w.org\/{rel}","templated":true}]}}