{"id":224,"date":"2023-07-28T09:33:28","date_gmt":"2023-07-28T09:33:28","guid":{"rendered":"https:\/\/clients.evostudio.ro\/encorsa\/?page_id=224"},"modified":"2023-11-07T11:06:22","modified_gmt":"2023-11-07T11:06:22","slug":"cerere-concedii","status":"publish","type":"page","link":"https:\/\/encorsa.ro\/?page_id=224","title":{"rendered":"Cereri de concedii"},"content":{"rendered":"<p>Procesul de administrare a unei cereri de concediu \u0219i ob\u021binerea aprob\u0103rii implic\u0103 un solicitant, \u0219eful s\u0103u ierarhic \u0219i departamentul de personal. Poate fi complicat iar \u00een practic\u0103, prelucrarea unei cereri de concediu urm\u0103re\u0219te de obicei urm\u0103torii pa\u0219i:<\/p>\n<p>&nbsp;<\/p>\n<ul>\n<li>verificarea automat\u0103 a num\u0103rului de zile de concediu r\u0103mase la care are dreptul un solicitant;<\/li>\n<li>verificarea datelor pe baza cererilor de concediu aprobate \u00een departament pentru coordonarea absen\u021belor;<\/li>\n<li>trimiterea cererii c\u0103tre \u0219eful s\u0103u ierarhic pentru aprobare;<\/li>\n<li>notificarea departamentului de personal cu privire la cererea de concediu aprobat\u0103, urmat\u0103 de introducerea concediului \u00een sistemul de resurse umane;<\/li>\n<li>setarea automat\u0103 a absen\u021bei angaja\u021bilor \u00een calendarul firmei (Microsoft Exchange);<\/li>\n<li>setarea (automat\u0103) a unei persoane inlocuitoare ce preia sarcinile \u00een procesele de flux de lucru.<\/li>\n<\/ul>\n<p>&nbsp;<\/p>\n<p>Un alt avantaj al platformei WEBCON BPS este dat de posibilitatea de a programa ac\u021biuni suplimentare la fiecare pas al procesului de mai sus. Aceste ac\u021biuni pot include trimiterea unei alerte prin e-mail \u0219efului ierarhic dup\u0103 introducerea cererii de concediu, informarea prin e-mail a persoanei inlocuitoare odat\u0103 ce cererea este aprobat\u0103, introducerea aprob\u0103rii \u00een sistemul de resurse umane sau informarea clien\u021bilor despre \u00eenlocuirea temporar\u0103, etc.<\/p>\n<p>&nbsp;<\/p>\n<p><img loading=\"lazy\" decoding=\"async\" class=\"aligncenter size-full wp-image-851\" src=\"https:\/\/encorsa.ro\/wp-content\/uploads\/2023\/09\/new-instance-leave-request-workflow-in-webcon-bps.webp\" alt=\"\" width=\"1600\" height=\"800\" srcset=\"https:\/\/encorsa.ro\/wp-content\/uploads\/2023\/09\/new-instance-leave-request-workflow-in-webcon-bps.webp 1600w, https:\/\/encorsa.ro\/wp-content\/uploads\/2023\/09\/new-instance-leave-request-workflow-in-webcon-bps-300x150.webp 300w, https:\/\/encorsa.ro\/wp-content\/uploads\/2023\/09\/new-instance-leave-request-workflow-in-webcon-bps-1024x512.webp 1024w, https:\/\/encorsa.ro\/wp-content\/uploads\/2023\/09\/new-instance-leave-request-workflow-in-webcon-bps-768x384.webp 768w, https:\/\/encorsa.ro\/wp-content\/uploads\/2023\/09\/new-instance-leave-request-workflow-in-webcon-bps-1536x768.webp 1536w\" sizes=\"auto, (max-width: 1600px) 100vw, 1600px\" \/><\/p>\n<p>&nbsp;<\/p>\n<p>&nbsp;<\/p>\n<p><strong>Caracteristicile de baz\u0103 ale WEBCON Business Process Suite pentru procesarea fluxurilor de lucru \u00een domeniul resurselor umane includ:<\/strong><\/p>\n<p>&nbsp;<\/p>\n<ul>\n<li>posibilitatea model\u0103rii interne a oric\u0103rui num\u0103r de cereri legate de resursele umane, f\u0103r\u0103 costuri suplimentare;<\/li>\n<li>gestionarea eficient\u0103 a schimb\u0103rilor, inclusiv un suport bun \u00een cazul \u00eenlocuirilor temporare \u0219i delegarea sarcinilor;<\/li>\n<li>posibilitatea de a modifica un flux de lucru existent \u00een cazul \u00een care procedurile de business se schimb\u0103;<\/li>\n<li>monitorizarea complet\u0103 a cererilor \u00eenregistrate \u0219i procesate, inclusiv istoricul aprob\u0103rilor \u0219i modific\u0103rilor;<\/li>\n<li>rapoarte de proces \u0219i identificarea blocajelor;<\/li>\n<li>integrarea cu sistemele de HR ale companiei \u0219i Microsoft Exchange;<\/li>\n<li>suport pentru volume mari de date \u0219i num\u0103r mare de utilizatori.<\/li>\n<\/ul>\n<p>&nbsp;<\/p>\n<p><img loading=\"lazy\" decoding=\"async\" class=\"aligncenter size-full wp-image-852\" src=\"https:\/\/encorsa.ro\/wp-content\/uploads\/2023\/09\/vacation-schedule-leave-request-workflow-in-webcon-bps.webp\" alt=\"\" width=\"1600\" height=\"774\" srcset=\"https:\/\/encorsa.ro\/wp-content\/uploads\/2023\/09\/vacation-schedule-leave-request-workflow-in-webcon-bps.webp 1600w, https:\/\/encorsa.ro\/wp-content\/uploads\/2023\/09\/vacation-schedule-leave-request-workflow-in-webcon-bps-300x145.webp 300w, https:\/\/encorsa.ro\/wp-content\/uploads\/2023\/09\/vacation-schedule-leave-request-workflow-in-webcon-bps-1024x495.webp 1024w, https:\/\/encorsa.ro\/wp-content\/uploads\/2023\/09\/vacation-schedule-leave-request-workflow-in-webcon-bps-768x372.webp 768w, https:\/\/encorsa.ro\/wp-content\/uploads\/2023\/09\/vacation-schedule-leave-request-workflow-in-webcon-bps-1536x743.webp 1536w\" sizes=\"auto, (max-width: 1600px) 100vw, 1600px\" \/><\/p>\n<p>&nbsp;<\/p>\n<p>&nbsp;<\/p>\n<p><strong>Alte exemple de fluxuri legate de departamentul de personal suportate \u00een platforma WEBCON BPS:<\/strong><\/p>\n<p>&nbsp;<\/p>\n<ul>\n<li>\u00eenregistrarea \u0219i procesarea tuturor tipurilor de deplas\u0103ri \u00een interes de serviciu, inclusiv pl\u0103\u021bi \u00een avans;<\/li>\n<li>\u00eenregistrarea \u0219i aprobarea cererilor de majorare a salariilor, cererilor de schimbare a pozi\u021biei \u00een companie sau modificarea formei de angajare;<\/li>\n<li>procesarea noilor angaja\u021bi (documente, proceduri), inclusiv organizarea activit\u0103\u021bilor lor;<\/li>\n<li>prelucrarea documentelor de plecare (documente, proceduri) din companie;<\/li>\n<li>rambursarea deconturilor aferente ma\u0219inilor de serviciu.<\/li>\n<\/ul>\n","protected":false},"excerpt":{"rendered":"<p>Procesul de administrare a unei cereri de concediu \u0219i ob\u021binerea aprob\u0103rii implic\u0103 un solicitant, \u0219eful s\u0103u ierarhic \u0219i departamentul de personal. Poate fi complicat iar \u00een practic\u0103, prelucrarea unei cereri de concediu urm\u0103re\u0219te de obicei urm\u0103torii pa\u0219i: &nbsp; verificarea automat\u0103 a num\u0103rului de zile de concediu r\u0103mase la care are dreptul un solicitant; verificarea datelor [&hellip;]<\/p>\n","protected":false},"author":12,"featured_media":0,"parent":0,"menu_order":0,"comment_status":"closed","ping_status":"closed","template":"template-flux.php","meta":{"footnotes":""},"class_list":["post-224","page","type-page","status-publish","hentry"],"yoast_head":"<!-- This site is optimized with the Yoast SEO plugin v21.5 - https:\/\/yoast.com\/wordpress\/plugins\/seo\/ -->\n<title>Cereri de concedii - Encorsa<\/title>\n<meta name=\"robots\" content=\"index, follow, max-snippet:-1, max-image-preview:large, max-video-preview:-1\" \/>\n<link rel=\"canonical\" href=\"https:\/\/encorsa.ro\/?page_id=224\" \/>\n<meta property=\"og:locale\" content=\"ro_RO\" \/>\n<meta property=\"og:type\" content=\"article\" \/>\n<meta property=\"og:title\" content=\"Cereri de concedii - Encorsa\" \/>\n<meta property=\"og:description\" content=\"Procesul de administrare a unei cereri de concediu \u0219i ob\u021binerea aprob\u0103rii implic\u0103 un solicitant, \u0219eful s\u0103u ierarhic \u0219i departamentul de personal. Poate fi complicat iar \u00een practic\u0103, prelucrarea unei cereri de concediu urm\u0103re\u0219te de obicei urm\u0103torii pa\u0219i: &nbsp; verificarea automat\u0103 a num\u0103rului de zile de concediu r\u0103mase la care are dreptul un solicitant; verificarea datelor [&hellip;]\" \/>\n<meta property=\"og:url\" content=\"https:\/\/encorsa.ro\/?page_id=224\" \/>\n<meta property=\"og:site_name\" content=\"Encorsa\" \/>\n<meta property=\"article:modified_time\" content=\"2023-11-07T11:06:22+00:00\" \/>\n<meta property=\"og:image\" content=\"https:\/\/encorsa.ro\/wp-content\/uploads\/2023\/09\/new-instance-leave-request-workflow-in-webcon-bps.webp\" \/>\n<meta name=\"twitter:card\" content=\"summary_large_image\" \/>\n<meta name=\"twitter:label1\" content=\"Timp estimat pentru citire\" \/>\n\t<meta name=\"twitter:data1\" content=\"2 minute\" \/>\n<script type=\"application\/ld+json\" class=\"yoast-schema-graph\">{\"@context\":\"https:\/\/schema.org\",\"@graph\":[{\"@type\":\"WebPage\",\"@id\":\"https:\/\/encorsa.ro\/?page_id=224\",\"url\":\"https:\/\/encorsa.ro\/?page_id=224\",\"name\":\"Cereri de concedii - Encorsa\",\"isPartOf\":{\"@id\":\"https:\/\/encorsa.ro\/#website\"},\"datePublished\":\"2023-07-28T09:33:28+00:00\",\"dateModified\":\"2023-11-07T11:06:22+00:00\",\"breadcrumb\":{\"@id\":\"https:\/\/encorsa.ro\/?page_id=224#breadcrumb\"},\"inLanguage\":\"ro-RO\",\"potentialAction\":[{\"@type\":\"ReadAction\",\"target\":[\"https:\/\/encorsa.ro\/?page_id=224\"]}]},{\"@type\":\"BreadcrumbList\",\"@id\":\"https:\/\/encorsa.ro\/?page_id=224#breadcrumb\",\"itemListElement\":[{\"@type\":\"ListItem\",\"position\":1,\"name\":\"Home\",\"item\":\"https:\/\/encorsa.ro\/\"},{\"@type\":\"ListItem\",\"position\":2,\"name\":\"Cereri de concedii\"}]},{\"@type\":\"WebSite\",\"@id\":\"https:\/\/encorsa.ro\/#website\",\"url\":\"https:\/\/encorsa.ro\/\",\"name\":\"Encorsa\",\"description\":\"\",\"potentialAction\":[{\"@type\":\"SearchAction\",\"target\":{\"@type\":\"EntryPoint\",\"urlTemplate\":\"https:\/\/encorsa.ro\/?s={search_term_string}\"},\"query-input\":\"required name=search_term_string\"}],\"inLanguage\":\"ro-RO\"}]}<\/script>\n<!-- \/ Yoast SEO plugin. -->","yoast_head_json":{"title":"Cereri de concedii - Encorsa","robots":{"index":"index","follow":"follow","max-snippet":"max-snippet:-1","max-image-preview":"max-image-preview:large","max-video-preview":"max-video-preview:-1"},"canonical":"https:\/\/encorsa.ro\/?page_id=224","og_locale":"ro_RO","og_type":"article","og_title":"Cereri de concedii - Encorsa","og_description":"Procesul de administrare a unei cereri de concediu \u0219i ob\u021binerea aprob\u0103rii implic\u0103 un solicitant, \u0219eful s\u0103u ierarhic \u0219i departamentul de personal. Poate fi complicat iar \u00een practic\u0103, prelucrarea unei cereri de concediu urm\u0103re\u0219te de obicei urm\u0103torii pa\u0219i: &nbsp; verificarea automat\u0103 a num\u0103rului de zile de concediu r\u0103mase la care are dreptul un solicitant; verificarea datelor [&hellip;]","og_url":"https:\/\/encorsa.ro\/?page_id=224","og_site_name":"Encorsa","article_modified_time":"2023-11-07T11:06:22+00:00","og_image":[{"url":"https:\/\/encorsa.ro\/wp-content\/uploads\/2023\/09\/new-instance-leave-request-workflow-in-webcon-bps.webp"}],"twitter_card":"summary_large_image","twitter_misc":{"Timp estimat pentru citire":"2 minute"},"schema":{"@context":"https:\/\/schema.org","@graph":[{"@type":"WebPage","@id":"https:\/\/encorsa.ro\/?page_id=224","url":"https:\/\/encorsa.ro\/?page_id=224","name":"Cereri de concedii - Encorsa","isPartOf":{"@id":"https:\/\/encorsa.ro\/#website"},"datePublished":"2023-07-28T09:33:28+00:00","dateModified":"2023-11-07T11:06:22+00:00","breadcrumb":{"@id":"https:\/\/encorsa.ro\/?page_id=224#breadcrumb"},"inLanguage":"ro-RO","potentialAction":[{"@type":"ReadAction","target":["https:\/\/encorsa.ro\/?page_id=224"]}]},{"@type":"BreadcrumbList","@id":"https:\/\/encorsa.ro\/?page_id=224#breadcrumb","itemListElement":[{"@type":"ListItem","position":1,"name":"Home","item":"https:\/\/encorsa.ro\/"},{"@type":"ListItem","position":2,"name":"Cereri de concedii"}]},{"@type":"WebSite","@id":"https:\/\/encorsa.ro\/#website","url":"https:\/\/encorsa.ro\/","name":"Encorsa","description":"","potentialAction":[{"@type":"SearchAction","target":{"@type":"EntryPoint","urlTemplate":"https:\/\/encorsa.ro\/?s={search_term_string}"},"query-input":"required name=search_term_string"}],"inLanguage":"ro-RO"}]}},"_links":{"self":[{"href":"https:\/\/encorsa.ro\/index.php?rest_route=\/wp\/v2\/pages\/224","targetHints":{"allow":["GET"]}}],"collection":[{"href":"https:\/\/encorsa.ro\/index.php?rest_route=\/wp\/v2\/pages"}],"about":[{"href":"https:\/\/encorsa.ro\/index.php?rest_route=\/wp\/v2\/types\/page"}],"author":[{"embeddable":true,"href":"https:\/\/encorsa.ro\/index.php?rest_route=\/wp\/v2\/users\/12"}],"replies":[{"embeddable":true,"href":"https:\/\/encorsa.ro\/index.php?rest_route=%2Fwp%2Fv2%2Fcomments&post=224"}],"version-history":[{"count":6,"href":"https:\/\/encorsa.ro\/index.php?rest_route=\/wp\/v2\/pages\/224\/revisions"}],"predecessor-version":[{"id":861,"href":"https:\/\/encorsa.ro\/index.php?rest_route=\/wp\/v2\/pages\/224\/revisions\/861"}],"wp:attachment":[{"href":"https:\/\/encorsa.ro\/index.php?rest_route=%2Fwp%2Fv2%2Fmedia&parent=224"}],"curies":[{"name":"wp","href":"https:\/\/api.w.org\/{rel}","templated":true}]}}