{"id":21,"date":"2023-06-14T07:12:17","date_gmt":"2023-06-14T07:12:17","guid":{"rendered":"https:\/\/clients.evostudio.ro\/encorsa\/?page_id=21"},"modified":"2024-03-13T10:14:10","modified_gmt":"2024-03-13T10:14:10","slug":"termeni-si-conditii","status":"publish","type":"page","link":"https:\/\/encorsa.ro\/?page_id=21","title":{"rendered":"TERMENI \u0218I CONDI\u021aII"},"content":{"rendered":"<p>Ace\u0219ti termeni \u0219i condi\u021bii (\u201eAcordul\u201d) stabilesc termenii \u0219i condi\u021biile generale ale utiliz\u0103rii de c\u0103tre dumneavoastr\u0103 a site-ului web encorsa.ro (\u201eSite-ul web\u201d sau \u201eServiciul\u201d) \u0219i oricare dintre produsele \u0219i serviciile sale asociate (colectiv, \u201eServiciile\u201d). Acest Acord este obligatoriu legal \u00eentre dumneavoastr\u0103 (\u201eUtilizatorul\u201d, \u201edumneavoastr\u0103\u201d sau \u201eal dumneavoastr\u0103\u201d) \u0219i Encorsa HQ (\u201eEncorsa HQ\u201d, \u201enoi\u201d, \u201ene\u201d sau \u201eal nostru\u201d). Dac\u0103 \u00eencheia\u021bi acest Acord \u00een numele unei afaceri sau alte entit\u0103\u021bi juridice, \u00eenseamn\u0103 c\u0103 ave\u021bi autoritatea de a obliga astfel de entitate de acest Acord, caz \u00een care termenii \u201eUtilizator\u201d, \u201edumneavoastr\u0103\u201d sau \u201eal dumneavoastr\u0103\u201d se vor referi la acea entitate. Dac\u0103 nu ave\u021bi o astfel de autoritate sau dac\u0103 nu sunte\u021bi de acord cu termenii acestui Acord, nu trebuie s\u0103 accepta\u021bi acest Acord \u0219i nu ave\u021bi permisiunea de a accesa \u0219i utiliza Site-ul web \u0219i Serviciile. Acces\u00e2nd \u0219i utiliz\u00e2nd Site-ul web \u0219i Serviciile, recunoa\u0219te\u021bi c\u0103 a\u021bi citit, \u00een\u021beles \u0219i sunte\u021bi de acord s\u0103 fi\u021bi lega\u021bi de termenii acestui Acord. Recunoa\u0219te\u021bi c\u0103 acest Acord este un contract \u00eentre dumneavoastr\u0103 \u0219i Encorsa HQ, de\u0219i este electronic \u0219i nu este semnat fizic de dumneavoastr\u0103, \u0219i reglementeaz\u0103 utilizarea Site-ului web \u0219i a Serviciilor de c\u0103tre dumneavoastr\u0103.<\/p>\n<p>&nbsp;<\/p>\n<p>&nbsp;<\/p>\n<p>LINK-URI C\u0102TRE ALTE RESURSE<\/p>\n<p>&nbsp;<\/p>\n<p>De\u0219i Site-ul web \u0219i Serviciile pot face trimitere prin link c\u0103tre alte resurse (cum ar fi site-uri web, aplica\u021bii mobile etc.), noi nu implic\u0103m, direct sau indirect, nicio aprobare, asociere, sponsorizare, aviz sau afiliere cu orice resurs\u0103 legat\u0103, cu excep\u021bia cazurilor \u00een care este specificat \u00een mod expres aici. Nu suntem responsabili pentru examinarea sau evaluarea, \u0219i nu garant\u0103m ofertele, ale oric\u0103ror afaceri sau indivizi sau con\u021binutul resurselor lor. Nu ne asum\u0103m nicio responsabilitate sau r\u0103spundere pentru ac\u021biunile, produsele, serviciile \u0219i con\u021binutul oric\u0103ror alte ter\u021be p\u0103r\u021bi. Ar trebui s\u0103 revizui\u021bi cu aten\u021bie declara\u021biile legale \u0219i alte condi\u021bii de utilizare ale oric\u0103rei resurse pe care o accesa\u021bi prin intermediul unui link pe Site-ul web. Leg\u0103tura dumneavoastr\u0103 cu orice alte resurse externe site-ului se face pe propriul risc.<\/p>\n<p>&nbsp;<\/p>\n<p>&nbsp;<\/p>\n<p>UTILIZ\u0102RI INTERZISE<\/p>\n<p>&nbsp;<\/p>\n<p>\u00cen plus fa\u021b\u0103 de al\u021bi termeni stabili\u021bi \u00een Acord, vi se interzice utilizarea Site-ului web \u0219i a Serviciilor sau a Con\u021binutului: (a) \u00een scopuri ilegale; (b) pentru a solicita altora s\u0103 efectueze sau s\u0103 participe la acte ilegale; (c) pentru a \u00eenc\u0103lca orice reglement\u0103ri interna\u021bionale, federale, provinciale sau de stat, reguli, legi sau ordonan\u021be locale; (d) pentru a \u00eenc\u0103lca sau viola drepturile noastre de proprietate intelectual\u0103 sau drepturile de proprietate intelectual\u0103 ale altora; (e) pentru a h\u0103r\u021bui, abuza, insulta, v\u0103t\u0103ma, def\u0103ima, calomnia, dispre\u021bui, intimida sau discrimina pe baza de gen, orientare sexual\u0103, religie, etnie, ras\u0103, v\u00e2rst\u0103, origine na\u021bional\u0103 sau handicap; (f) pentru a trimite informa\u021bii false sau \u00een\u0219el\u0103toare; (g) pentru a \u00eenc\u0103rca sau transmite viru\u0219i sau orice alt tip de cod r\u0103u inten\u021bionat care poate fi utilizat \u00een orice mod care va afecta func\u021bionalitatea sau operarea Site-ului web \u0219i a Serviciilor, a produselor \u0219i serviciilor ter\u021bilor, sau a Internetului; (h) pentru spam, phishing, pharming, pretexting, spidering, crawling sau scraping; (i) \u00een orice scop obscen sau imoral; sau (j) pentru a interfera sau ocoli caracteristicile de securitate ale Site-ului web \u0219i Serviciilor, ale produselor \u0219i serviciilor ter\u021bilor, sau ale Internetului. Ne rezerv\u0103m dreptul de a opri utilizarea Site-ului web \u0219i a Serviciilor de c\u0103tre dumneavoastr\u0103 pentru \u00eenc\u0103lcarea oric\u0103rei dintre utiliz\u0103rile interzise.<\/p>\n<p>&nbsp;<\/p>\n<p>&nbsp;<\/p>\n<p>DREPTURI DE PROPRIETATE INTELECTUAL\u0102<\/p>\n<p>&nbsp;<\/p>\n<p>\u201eDrepturile de Proprietate Intelectual\u0103\u201d \u00eenseamn\u0103 toate drepturile prezente \u0219i viitoare conferite de statut, lege comun\u0103 sau echitate \u00een leg\u0103tur\u0103 cu orice drepturi de autor \u0219i drepturi conexe, m\u0103rci comerciale, desene, patente, inven\u021bii, bun\u0103voin\u021b\u0103 \u0219i dreptul de a da \u00een judecat\u0103 pentru inducere \u00een eroare, drepturi la inven\u021bii, drepturi de utilizare, \u0219i toate celelalte drepturi de proprietate intelectual\u0103, \u00een fiecare caz fie \u00eenregistrate sau ne\u00eenregistrate \u0219i incluz\u00e2nd toate aplica\u021biile \u0219i drepturile de a aplica pentru a fi acordate, drepturi de a revendica prioritate din astfel de drepturi \u0219i toate drepturile similare sau echivalente sau forme de protec\u021bie \u0219i orice alte rezultate ale activit\u0103\u021bii intelectuale care exista sau vor exista acum sau \u00een viitor \u00een orice parte a lumii. Acest Acord nu v\u0103 transfer\u0103 nicio proprietate intelectual\u0103 de\u021binut\u0103 de Encorsa HQ sau de ter\u021be p\u0103r\u021bi, \u0219i toate drepturile, titlurile \u0219i interesele fa\u021b\u0103 de astfel de proprietate vor r\u0103m\u00e2ne (\u00eentre p\u0103r\u021bi) exclusiv cu Encorsa HQ. Toate m\u0103rcile comerciale, m\u0103rcile de serviciu, grafica \u0219i logo-urile utilizate \u00een leg\u0103tur\u0103 cu Site-ul web \u0219i Serviciile, sunt m\u0103rci comerciale sau m\u0103rci comerciale \u00eenregistrate ale Encorsa HQ sau ale licen\u021biatorilor s\u0103i. Alte m\u0103rci comerciale, m\u0103rci de serviciu, grafica \u0219i logo-urile utilizate \u00een leg\u0103tur\u0103 cu Site-ul web \u0219i Serviciile pot fi m\u0103rcile comerciale ale altor ter\u021be p\u0103r\u021bi. Utilizarea Site-ului web \u0219i a Serviciilor de c\u0103tre dumneavoastr\u0103 nu v\u0103 acord\u0103 niciun drept sau licen\u021b\u0103 de a reproduce sau utiliza orice m\u0103rci comerciale ale Encorsa HQ sau ale ter\u021bilor.<\/p>\n<p>&nbsp;<\/p>\n<p>&nbsp;<\/p>\n<p>DESP\u0102GUBIRE<\/p>\n<p>&nbsp;<\/p>\n<p>Sunte\u021bi de acord s\u0103 desp\u0103gubi\u021bi \u0219i s\u0103 exonera\u021bi Encorsa HQ \u0219i afilia\u021bii s\u0103i, directorii, ofi\u021berii, angaja\u021bii, agen\u021bii, furnizorii \u0219i licen\u021biatorii de orice r\u0103spunderi, pierderi, daune sau costuri, incluz\u00e2nd onorariile rezonabile ale avoca\u021bilor, suportate \u00een leg\u0103tur\u0103 cu sau rezult\u00e2nd din orice acuza\u021bii, preten\u021bii, ac\u021biuni, dispute sau cereri ale unor ter\u021be p\u0103r\u021bi afirmate \u00eempotriva oric\u0103ruia dintre ei ca urmare a sau \u00een leg\u0103tur\u0103 cu Con\u021binutul dumneavoastr\u0103, utilizarea de c\u0103tre dumneavoastr\u0103 a Site-ului Web \u0219i a Serviciilor sau orice conduit\u0103 inten\u021bionat\u0103 gre\u0219it\u0103 din partea dumneavoastr\u0103.<\/p>\n<p>&nbsp;<\/p>\n<p>&nbsp;<\/p>\n<p>SEVERABILITATE<\/p>\n<p>&nbsp;<\/p>\n<p>Toate drepturile \u0219i restric\u021biile con\u021binute \u00een acest Acord pot fi exercitate \u0219i vor fi aplicabile \u0219i obligatorii numai \u00een m\u0103sura \u00een care nu \u00eencalc\u0103 nicio lege aplicabil\u0103 \u0219i sunt destinate s\u0103 fie limitate \u00een m\u0103sura necesar\u0103 astfel \u00eenc\u00e2t s\u0103 nu fac\u0103 acest Acord ilegal, invalid sau inaplicabil. Dac\u0103 orice prevedere sau parte a oric\u0103rei prevederi a acestui Acord va fi considerat\u0103 ilegal\u0103, invalid\u0103 sau inaplicabil\u0103 de c\u0103tre un tribunal competent, inten\u021bia p\u0103r\u021bilor este ca prevederile r\u0103mase sau p\u0103r\u021bile r\u0103mase s\u0103 constituie acordul lor \u00een ceea ce prive\u0219te obiectul prezent, \u0219i toate astfel de prevederi r\u0103mase sau p\u0103r\u021bi ale acestora s\u0103 r\u0103m\u00e2n\u0103 \u00een vigoare.<\/p>\n<p>&nbsp;<\/p>\n<p>&nbsp;<\/p>\n<p>REZOLVAREA DISPUTELOR<\/p>\n<p>&nbsp;<\/p>\n<p>Formarea, interpretarea \u0219i executarea acestui Acord \u0219i orice dispute rezultate din el vor fi guvernate de legile substan\u021biale \u0219i procedurale ale Rom\u00e2niei f\u0103r\u0103 a \u021bine cont de regulile sale privind conflictele sau alegerea legii \u0219i, \u00een m\u0103sura aplicabil\u0103, de legile Rom\u00e2niei. Jurisdic\u021bia exclusiv\u0103 \u0219i locul pentru ac\u021biuni legate de subiectul prezent vor fi tribunalele situate \u00een Rom\u00e2nia, \u0219i prin prezenta v\u0103 supune\u021bi jurisdic\u021biei personale ale acestor tribunale. Renun\u021ba\u021bi prin prezenta la orice drept la un proces cu juriu \u00een orice procedur\u0103 rezult\u00e2nd din sau legat\u0103 de acest Acord. Conven\u021bia Na\u021biunilor Unite asupra Contractelor pentru V\u00e2nzarea Interna\u021bional\u0103 de M\u0103rfuri nu se aplic\u0103 acestui Acord.<\/p>\n<p>&nbsp;<\/p>\n<p>&nbsp;<\/p>\n<p>MODIFIC\u0102RI \u0218I AMENDAMENTE<\/p>\n<p>&nbsp;<\/p>\n<p>Ne rezerv\u0103m dreptul de a modifica acest Acord sau termenii s\u0103i relativi la Site-ul web \u0219i Serviciile \u00een orice moment, la discre\u021bia noastr\u0103. C\u00e2nd facem acest lucru, vom posta o notificare pe pagina principal\u0103 a Site-ului web. De asemenea, putem oferi notific\u0103ri \u00een alte moduri, la discre\u021bia noastr\u0103, cum ar fi prin intermediul informa\u021biilor de contact pe care le-a\u021bi furnizat.<\/p>\n<p>&nbsp;<\/p>\n<p>O versiune actualizat\u0103 a acestui Acord va fi efectiv\u0103 imediat dup\u0103 postarea Acordului revizuit, dac\u0103 nu se specific\u0103 altfel. Continuarea utiliz\u0103rii Site-ului web \u0219i a Serviciilor dup\u0103 data efectiv\u0103 a Acordului revizuit (sau orice alt act specificat \u00een acel moment) va constitui consim\u021b\u0103m\u00e2ntul dumneavoastr\u0103 la acele schimb\u0103ri.<\/p>\n<p>&nbsp;<\/p>\n<p>&nbsp;<\/p>\n<p>ACCEPTAREA ACESTOR TERMENI<\/p>\n<p>&nbsp;<\/p>\n<p>Recunoa\u0219te\u021bi c\u0103 a\u021bi citit acest Acord \u0219i sunte\u021bi de acord cu to\u021bi termenii \u0219i condi\u021biile sale. Acces\u00e2nd \u0219i utiliz\u00e2nd Site-ul web \u0219i Serviciile, sunte\u021bi de acord s\u0103 fi\u021bi lega\u021bi de acest Acord. Dac\u0103 nu sunte\u021bi de acord s\u0103 respecta\u021bi termenii acestui Acord, nu sunte\u021bi autorizat s\u0103 accesa\u021bi sau s\u0103 utiliza\u021bi Site-ul web \u0219i Serviciile.<\/p>\n<p>&nbsp;<\/p>\n<p>CONTACTA\u021aI-NE<\/p>\n<p>&nbsp;<\/p>\n<p>Dac\u0103 ave\u021bi \u00eentreb\u0103ri, preocup\u0103ri sau pl\u00e2ngeri referitoare la acest Acord, v\u0103 \u00eencuraj\u0103m s\u0103 ne contacta\u021bi folosind detaliile de mai jos:<\/p>\n<p>&nbsp;<\/p>\n<p>office@encorsa.com<\/p>\n<p>&nbsp;<\/p>\n<p>Acest document a fost actualizat ultima dat\u0103 pe 13 martie 2024.<\/p>\n","protected":false},"excerpt":{"rendered":"<p>Ace\u0219ti termeni \u0219i condi\u021bii (\u201eAcordul\u201d) stabilesc termenii \u0219i condi\u021biile generale ale utiliz\u0103rii de c\u0103tre dumneavoastr\u0103 a site-ului web encorsa.ro (\u201eSite-ul web\u201d sau \u201eServiciul\u201d) \u0219i oricare dintre produsele \u0219i serviciile sale asociate (colectiv, \u201eServiciile\u201d). Acest Acord este obligatoriu legal \u00eentre dumneavoastr\u0103 (\u201eUtilizatorul\u201d, \u201edumneavoastr\u0103\u201d sau \u201eal dumneavoastr\u0103\u201d) \u0219i Encorsa HQ (\u201eEncorsa HQ\u201d, \u201enoi\u201d, \u201ene\u201d sau \u201eal nostru\u201d). [&hellip;]<\/p>\n","protected":false},"author":12,"featured_media":0,"parent":0,"menu_order":0,"comment_status":"closed","ping_status":"closed","template":"","meta":{"footnotes":""},"class_list":["post-21","page","type-page","status-publish","hentry"],"yoast_head":"<!-- This site is optimized with the Yoast SEO plugin v21.5 - https:\/\/yoast.com\/wordpress\/plugins\/seo\/ -->\n<title>TERMENI \u0218I CONDI\u021aII - Encorsa<\/title>\n<meta name=\"robots\" content=\"index, follow, max-snippet:-1, max-image-preview:large, max-video-preview:-1\" \/>\n<link rel=\"canonical\" href=\"https:\/\/encorsa.ro\/?page_id=21\" \/>\n<meta property=\"og:locale\" content=\"ro_RO\" \/>\n<meta property=\"og:type\" content=\"article\" \/>\n<meta property=\"og:title\" content=\"TERMENI \u0218I CONDI\u021aII - Encorsa\" \/>\n<meta property=\"og:description\" content=\"Ace\u0219ti termeni \u0219i condi\u021bii (\u201eAcordul\u201d) stabilesc termenii \u0219i condi\u021biile generale ale utiliz\u0103rii de c\u0103tre dumneavoastr\u0103 a site-ului web encorsa.ro (\u201eSite-ul web\u201d sau \u201eServiciul\u201d) \u0219i oricare dintre produsele \u0219i serviciile sale asociate (colectiv, \u201eServiciile\u201d). Acest Acord este obligatoriu legal \u00eentre dumneavoastr\u0103 (\u201eUtilizatorul\u201d, \u201edumneavoastr\u0103\u201d sau \u201eal dumneavoastr\u0103\u201d) \u0219i Encorsa HQ (\u201eEncorsa HQ\u201d, \u201enoi\u201d, \u201ene\u201d sau \u201eal nostru\u201d). [&hellip;]\" \/>\n<meta property=\"og:url\" content=\"https:\/\/encorsa.ro\/?page_id=21\" \/>\n<meta property=\"og:site_name\" content=\"Encorsa\" \/>\n<meta property=\"article:modified_time\" content=\"2024-03-13T10:14:10+00:00\" \/>\n<meta name=\"twitter:card\" content=\"summary_large_image\" \/>\n<meta name=\"twitter:label1\" content=\"Timp estimat pentru citire\" \/>\n\t<meta name=\"twitter:data1\" content=\"8 minute\" \/>\n<script type=\"application\/ld+json\" class=\"yoast-schema-graph\">{\"@context\":\"https:\/\/schema.org\",\"@graph\":[{\"@type\":\"WebPage\",\"@id\":\"https:\/\/encorsa.ro\/?page_id=21\",\"url\":\"https:\/\/encorsa.ro\/?page_id=21\",\"name\":\"TERMENI \u0218I CONDI\u021aII - Encorsa\",\"isPartOf\":{\"@id\":\"https:\/\/encorsa.ro\/#website\"},\"datePublished\":\"2023-06-14T07:12:17+00:00\",\"dateModified\":\"2024-03-13T10:14:10+00:00\",\"breadcrumb\":{\"@id\":\"https:\/\/encorsa.ro\/?page_id=21#breadcrumb\"},\"inLanguage\":\"ro-RO\",\"potentialAction\":[{\"@type\":\"ReadAction\",\"target\":[\"https:\/\/encorsa.ro\/?page_id=21\"]}]},{\"@type\":\"BreadcrumbList\",\"@id\":\"https:\/\/encorsa.ro\/?page_id=21#breadcrumb\",\"itemListElement\":[{\"@type\":\"ListItem\",\"position\":1,\"name\":\"Home\",\"item\":\"https:\/\/encorsa.ro\/\"},{\"@type\":\"ListItem\",\"position\":2,\"name\":\"TERMENI \u0218I CONDI\u021aII\"}]},{\"@type\":\"WebSite\",\"@id\":\"https:\/\/encorsa.ro\/#website\",\"url\":\"https:\/\/encorsa.ro\/\",\"name\":\"Encorsa\",\"description\":\"\",\"potentialAction\":[{\"@type\":\"SearchAction\",\"target\":{\"@type\":\"EntryPoint\",\"urlTemplate\":\"https:\/\/encorsa.ro\/?s={search_term_string}\"},\"query-input\":\"required name=search_term_string\"}],\"inLanguage\":\"ro-RO\"}]}<\/script>\n<!-- \/ Yoast SEO plugin. -->","yoast_head_json":{"title":"TERMENI \u0218I CONDI\u021aII - Encorsa","robots":{"index":"index","follow":"follow","max-snippet":"max-snippet:-1","max-image-preview":"max-image-preview:large","max-video-preview":"max-video-preview:-1"},"canonical":"https:\/\/encorsa.ro\/?page_id=21","og_locale":"ro_RO","og_type":"article","og_title":"TERMENI \u0218I CONDI\u021aII - Encorsa","og_description":"Ace\u0219ti termeni \u0219i condi\u021bii (\u201eAcordul\u201d) stabilesc termenii \u0219i condi\u021biile generale ale utiliz\u0103rii de c\u0103tre dumneavoastr\u0103 a site-ului web encorsa.ro (\u201eSite-ul web\u201d sau \u201eServiciul\u201d) \u0219i oricare dintre produsele \u0219i serviciile sale asociate (colectiv, \u201eServiciile\u201d). Acest Acord este obligatoriu legal \u00eentre dumneavoastr\u0103 (\u201eUtilizatorul\u201d, \u201edumneavoastr\u0103\u201d sau \u201eal dumneavoastr\u0103\u201d) \u0219i Encorsa HQ (\u201eEncorsa HQ\u201d, \u201enoi\u201d, \u201ene\u201d sau \u201eal nostru\u201d). [&hellip;]","og_url":"https:\/\/encorsa.ro\/?page_id=21","og_site_name":"Encorsa","article_modified_time":"2024-03-13T10:14:10+00:00","twitter_card":"summary_large_image","twitter_misc":{"Timp estimat pentru citire":"8 minute"},"schema":{"@context":"https:\/\/schema.org","@graph":[{"@type":"WebPage","@id":"https:\/\/encorsa.ro\/?page_id=21","url":"https:\/\/encorsa.ro\/?page_id=21","name":"TERMENI \u0218I CONDI\u021aII - Encorsa","isPartOf":{"@id":"https:\/\/encorsa.ro\/#website"},"datePublished":"2023-06-14T07:12:17+00:00","dateModified":"2024-03-13T10:14:10+00:00","breadcrumb":{"@id":"https:\/\/encorsa.ro\/?page_id=21#breadcrumb"},"inLanguage":"ro-RO","potentialAction":[{"@type":"ReadAction","target":["https:\/\/encorsa.ro\/?page_id=21"]}]},{"@type":"BreadcrumbList","@id":"https:\/\/encorsa.ro\/?page_id=21#breadcrumb","itemListElement":[{"@type":"ListItem","position":1,"name":"Home","item":"https:\/\/encorsa.ro\/"},{"@type":"ListItem","position":2,"name":"TERMENI \u0218I CONDI\u021aII"}]},{"@type":"WebSite","@id":"https:\/\/encorsa.ro\/#website","url":"https:\/\/encorsa.ro\/","name":"Encorsa","description":"","potentialAction":[{"@type":"SearchAction","target":{"@type":"EntryPoint","urlTemplate":"https:\/\/encorsa.ro\/?s={search_term_string}"},"query-input":"required name=search_term_string"}],"inLanguage":"ro-RO"}]}},"_links":{"self":[{"href":"https:\/\/encorsa.ro\/index.php?rest_route=\/wp\/v2\/pages\/21","targetHints":{"allow":["GET"]}}],"collection":[{"href":"https:\/\/encorsa.ro\/index.php?rest_route=\/wp\/v2\/pages"}],"about":[{"href":"https:\/\/encorsa.ro\/index.php?rest_route=\/wp\/v2\/types\/page"}],"author":[{"embeddable":true,"href":"https:\/\/encorsa.ro\/index.php?rest_route=\/wp\/v2\/users\/12"}],"replies":[{"embeddable":true,"href":"https:\/\/encorsa.ro\/index.php?rest_route=%2Fwp%2Fv2%2Fcomments&post=21"}],"version-history":[{"count":9,"href":"https:\/\/encorsa.ro\/index.php?rest_route=\/wp\/v2\/pages\/21\/revisions"}],"predecessor-version":[{"id":1451,"href":"https:\/\/encorsa.ro\/index.php?rest_route=\/wp\/v2\/pages\/21\/revisions\/1451"}],"wp:attachment":[{"href":"https:\/\/encorsa.ro\/index.php?rest_route=%2Fwp%2Fv2%2Fmedia&parent=21"}],"curies":[{"name":"wp","href":"https:\/\/api.w.org\/{rel}","templated":true}]}}